{"id":1324,"date":"2023-05-25T12:15:24","date_gmt":"2023-05-25T12:15:24","guid":{"rendered":"https:\/\/drvodizajn.com\/?page_id=1324"},"modified":"2023-07-03T08:33:21","modified_gmt":"2023-07-03T08:33:21","slug":"radne-ploce-i-zidne-obloge","status":"publish","type":"page","link":"https:\/\/drvodizajn.com\/en\/radne-ploce-i-zidne-obloge\/","title":{"rendered":"Radne plo\u010de i zidne obloge"},"content":{"rendered":"<p>[et_pb_section fb_built=&#8221;1&#8221; _builder_version=&#8221;4.20.2&#8221; _module_preset=&#8221;default&#8221; use_background_color_gradient=&#8221;on&#8221; background_color_gradient_direction=&#8221;90deg&#8221; background_color_gradient_stops=&#8221;rgba(42,134,85,0.04) 0%|rgba(255,255,255,0) 58%&#8221; background_image=&#8221;http:\/\/drvodizajn.com\/wp-content\/uploads\/2023\/06\/radne-ploce-header.jpg&#8221; height=&#8221;343px&#8221; max_height=&#8221;906px&#8221; custom_margin=&#8221;||-9px|||&#8221; custom_padding=&#8221;||513px|||&#8221; da_disable_devices=&#8221;off|off|off&#8221; global_colors_info=&#8221;{}&#8221; da_is_popup=&#8221;off&#8221; da_exit_intent=&#8221;off&#8221; da_has_close=&#8221;on&#8221; da_alt_close=&#8221;off&#8221; da_dark_close=&#8221;off&#8221; da_not_modal=&#8221;on&#8221; da_is_singular=&#8221;off&#8221; da_with_loader=&#8221;off&#8221; da_has_shadow=&#8221;on&#8221;][et_pb_row column_structure=&#8221;1_2,1_2&#8221; _builder_version=&#8221;4.20.2&#8221; _module_preset=&#8221;default&#8221; global_colors_info=&#8221;{}&#8221;][et_pb_column type=&#8221;1_2&#8221; _builder_version=&#8221;4.20.2&#8221; _module_preset=&#8221;default&#8221; global_colors_info=&#8221;{}&#8221;][et_pb_text _builder_version=&#8221;4.20.2&#8221; _module_preset=&#8221;default&#8221; text_font=&#8221;Inria Serif|700|||||||&#8221; text_text_color=&#8221;#000000&#8221; text_font_size=&#8221;60px&#8221; text_line_height=&#8221;1em&#8221; global_colors_info=&#8221;{}&#8221;]<\/p>\n<p>Radne plo\u010de i zidne obloge<\/p>\n<p>[\/et_pb_text][\/et_pb_column][et_pb_column type=&#8221;1_2&#8221; _builder_version=&#8221;4.20.2&#8221; _module_preset=&#8221;default&#8221; global_colors_info=&#8221;{}&#8221;][\/et_pb_column][\/et_pb_row][et_pb_row column_structure=&#8221;1_2,1_2&#8221; _builder_version=&#8221;4.20.2&#8221; _module_preset=&#8221;default&#8221; global_colors_info=&#8221;{}&#8221;][et_pb_column type=&#8221;1_2&#8221; _builder_version=&#8221;4.20.2&#8221; _module_preset=&#8221;default&#8221; global_colors_info=&#8221;{}&#8221;][et_pb_text _builder_version=&#8221;4.20.2&#8221; _module_preset=&#8221;default&#8221; text_font=&#8221;Inria Serif|300|||||||&#8221; global_colors_info=&#8221;{}&#8221;]<\/p>\n<p>Radne plo\u010de su horizontalne povr\u0161ine koje se koriste za pripremu hrane, kuhanje i druge radne aktivnosti u kuhinji dok zidne obloge imaju svrhu za\u0161tite i prekrivanja zidova u razli\u010ditim prostorijama. U ponudi imamo standardne radne plo\u010de, kerrock i compact.<\/p>\n<p>[\/et_pb_text][\/et_pb_column][et_pb_column type=&#8221;1_2&#8221; _builder_version=&#8221;4.20.2&#8221; _module_preset=&#8221;default&#8221; global_colors_info=&#8221;{}&#8221;][\/et_pb_column][\/et_pb_row][\/et_pb_section][et_pb_section fb_built=&#8221;1&#8221; custom_padding_last_edited=&#8221;on|phone&#8221; _builder_version=&#8221;4.20.2&#8221; _module_preset=&#8221;default&#8221; background_image=&#8221;http:\/\/drvodizajn.com\/wp-content\/uploads\/2023\/05\/poyadina-materijali-1.jpg&#8221; custom_padding=&#8221;||81px|||&#8221; custom_padding_tablet=&#8221;||210px|||&#8221; custom_padding_phone=&#8221;||0px||false|false&#8221; da_disable_devices=&#8221;off|off|off&#8221; global_colors_info=&#8221;{}&#8221; da_is_popup=&#8221;off&#8221; da_exit_intent=&#8221;off&#8221; da_has_close=&#8221;on&#8221; da_alt_close=&#8221;off&#8221; da_dark_close=&#8221;off&#8221; da_not_modal=&#8221;on&#8221; da_is_singular=&#8221;off&#8221; da_with_loader=&#8221;off&#8221; da_has_shadow=&#8221;on&#8221;][et_pb_row _builder_version=&#8221;4.20.2&#8221; _module_preset=&#8221;default&#8221; custom_margin=&#8221;6px|auto||auto||&#8221; custom_margin_tablet=&#8221;116px|auto||auto||&#8221; custom_margin_phone=&#8221;0px||||false|false&#8221; custom_margin_last_edited=&#8221;on|phone&#8221; global_colors_info=&#8221;{}&#8221;][et_pb_column type=&#8221;4_4&#8221; _builder_version=&#8221;4.20.2&#8221; _module_preset=&#8221;default&#8221; global_colors_info=&#8221;{}&#8221;][et_pb_text _builder_version=&#8221;4.20.2&#8221; _module_preset=&#8221;default&#8221; text_font=&#8221;Rubik|500|||||||&#8221; text_text_color=&#8221;#000000&#8221; text_font_size=&#8221;45px&#8221; text_orientation=&#8221;center&#8221; text_line_height_tablet=&#8221;&#8221; text_line_height_phone=&#8221;1em&#8221; text_line_height_last_edited=&#8221;on|phone&#8221; global_colors_info=&#8221;{}&#8221;]<\/p>\n<p>Ponuda radnih plo\u010da i zidnih obloga<\/p>\n<p>[\/et_pb_text][\/et_pb_column][\/et_pb_row][\/et_pb_section][et_pb_section fb_built=&#8221;1&#8221; _builder_version=&#8221;4.20.2&#8221; _module_preset=&#8221;default&#8221; custom_padding=&#8221;||44px|||&#8221; da_disable_devices=&#8221;off|off|off&#8221; global_colors_info=&#8221;{}&#8221; da_is_popup=&#8221;off&#8221; da_exit_intent=&#8221;off&#8221; da_has_close=&#8221;on&#8221; da_alt_close=&#8221;off&#8221; da_dark_close=&#8221;off&#8221; da_not_modal=&#8221;on&#8221; da_is_singular=&#8221;off&#8221; da_with_loader=&#8221;off&#8221; da_has_shadow=&#8221;on&#8221;][et_pb_row column_structure=&#8221;1_2,1_2&#8221; _builder_version=&#8221;4.20.2&#8221; _module_preset=&#8221;default&#8221; custom_margin=&#8221;9px|auto|80px|auto||&#8221; custom_padding=&#8221;14px||0px|||&#8221; global_colors_info=&#8221;{}&#8221;][et_pb_column type=&#8221;1_2&#8221; _builder_version=&#8221;4.20.2&#8221; _module_preset=&#8221;default&#8221; global_colors_info=&#8221;{}&#8221;][et_pb_image src=&#8221;http:\/\/drvodizajn.com\/wp-content\/uploads\/2023\/06\/naslovna-3.jpg&#8221; title_text=&#8221;naslovna&#8221; _builder_version=&#8221;4.20.2&#8221; _module_preset=&#8221;default&#8221; custom_padding=&#8221;||0vh||false|false&#8221; custom_padding_tablet=&#8221;&#8221; custom_padding_phone=&#8221;||0vh||false|false&#8221; custom_padding_last_edited=&#8221;on|phone&#8221; animation_repeat=&#8221;once&#8221; global_colors_info=&#8221;{}&#8221;][\/et_pb_image][\/et_pb_column][et_pb_column type=&#8221;1_2&#8221; _builder_version=&#8221;4.20.2&#8221; _module_preset=&#8221;default&#8221; global_colors_info=&#8221;{}&#8221;][et_pb_text _builder_version=&#8221;4.20.2&#8221; _module_preset=&#8221;default&#8221; text_font=&#8221;Inria Serif|700|||||||&#8221; custom_margin=&#8221;41px||9px|||&#8221; custom_margin_tablet=&#8221;63px|||||&#8221; custom_margin_phone=&#8221;0px||||false|false&#8221; custom_margin_last_edited=&#8221;on|phone&#8221; custom_padding=&#8221;||4px|||&#8221; custom_padding_tablet=&#8221;||4px|||&#8221; custom_padding_phone=&#8221;||0px||false|false&#8221; custom_padding_last_edited=&#8221;on|phone&#8221; global_colors_info=&#8221;{}&#8221;]<\/p>\n<p>Standardne radne plo\u010de<\/p>\n<p>[\/et_pb_text][et_pb_text _builder_version=&#8221;4.20.2&#8221; _module_preset=&#8221;default&#8221; text_font=&#8221;Inria Serif|300|||||||&#8221; global_colors_info=&#8221;{}&#8221;]<\/p>\n<p>Standardne radne plo\u010de izra\u0111ene su od vi\u0161e slojeva materijala koji se kombiniraju kako bi se postigla izdr\u017eljiva i funkcionalna povr\u0161ina.<br \/>Jezgra ovih radnih plo\u010da obi\u010dno su izra\u0111ena od iverice (engl. particle board) ili MDF-a (medium-density fiberboard). Oba materijala su kompozitni materijali dobiveni od sitnih drvenih vlakana koja su spojena smolom ili ljepilom pod visokim pritiskom i temperaturom. Jezgra pru\u017ea \u010dvrsto\u0107u i stabilnost radne plo\u010de. Dekorativni sloj je povr\u0161inski sloj radne plo\u010de koji daje estetski izgled. Mo\u017ee biti izra\u0111en od melaminskog premaza, laminata ili akrilnog premaza, ovisno o odabranom proizvodu i proizvo\u0111a\u010du. Dekorativni sloj mo\u017ee simulirati izgled prirodnog drveta, kamena ili drugih materijala, pru\u017eaju\u0107i raznolikost dizajna. Za\u0161titni sloj se nanosi na dekorativni sloj radi za\u0161tite povr\u0161ine od ogrebotina, mrlja, topline i drugih o\u0161te\u0107enja. Ovaj sloj mo\u017ee biti transparentan ili sjajan, ovisno o specifi\u010dnoj vrsti premaza koja se koristi.<\/p>\n<p><strong>U ponudi imamo veliki izbor dezena radnih plo\u010da, u galeriji ispod mo\u017eete vidjeti samo mali dio, stoga nas slobodno kontaktirajte za vi\u0161e informacija.<\/strong><\/p>\n<p>[\/et_pb_text][\/et_pb_column][\/et_pb_row][et_pb_row _builder_version=&#8221;4.20.2&#8221; _module_preset=&#8221;default&#8221; global_colors_info=&#8221;{}&#8221;][et_pb_column type=&#8221;4_4&#8221; _builder_version=&#8221;4.20.2&#8221; _module_preset=&#8221;default&#8221; global_colors_info=&#8221;{}&#8221;][et_pb_gallery gallery_ids=&#8221;1944,1941,2078,2079,2080,2081,2082,2083&#8221; show_title_and_caption=&#8221;off&#8221; _builder_version=&#8221;4.20.2&#8221; _module_preset=&#8221;default&#8221; custom_margin=&#8221;||70px|||&#8221; custom_margin_tablet=&#8221;||70px|||&#8221; custom_margin_phone=&#8221;||0px||false|false&#8221; custom_margin_last_edited=&#8221;on|phone&#8221; global_colors_info=&#8221;{}&#8221;][\/et_pb_gallery][\/et_pb_column][\/et_pb_row][et_pb_row column_structure=&#8221;1_2,1_2&#8221; _builder_version=&#8221;4.20.2&#8221; _module_preset=&#8221;default&#8221; custom_margin=&#8221;|auto|112px|auto||&#8221; custom_margin_tablet=&#8221;|auto|112px|auto||&#8221; custom_margin_phone=&#8221;||0px||false|false&#8221; custom_margin_last_edited=&#8221;on|phone&#8221; custom_padding=&#8221;0px||0px|||&#8221; global_colors_info=&#8221;{}&#8221;][et_pb_column type=&#8221;1_2&#8221; _builder_version=&#8221;4.20.2&#8221; _module_preset=&#8221;default&#8221; global_colors_info=&#8221;{}&#8221;][et_pb_text _builder_version=&#8221;4.20.2&#8221; _module_preset=&#8221;default&#8221; text_font=&#8221;Inria Serif|700|||||||&#8221; custom_margin=&#8221;58px|||||&#8221; custom_margin_tablet=&#8221;58px|||||&#8221; custom_margin_phone=&#8221;0px||||false|false&#8221; custom_margin_last_edited=&#8221;on|phone&#8221; custom_padding=&#8221;||0px|||&#8221; global_colors_info=&#8221;{}&#8221;]<\/p>\n<p>Kerrock<\/p>\n<p>[\/et_pb_text][et_pb_text _builder_version=&#8221;4.20.2&#8221; _module_preset=&#8221;default&#8221; text_font=&#8221;Inria Serif|300|||||||&#8221; custom_margin=&#8221;-21px|||||&#8221; global_colors_info=&#8221;{}&#8221;]<\/p>\n<p>Kerrock je visokokvalitetni kompozitni materijal koji se \u010desto koristi u industriji interijera i dizajnu. Sastoji se od visokokvalitetnih mineralnih punila (npr. aluminijev hidroksid i akrilatni polimeri). Ti sastojci se kombiniraju kako bi se stvorio \u010dvrst i trajan materijal. Dolazi u \u0161irokom rasponu boja, uzoraka i tekstura. Mo\u017ee simulirati izgled prirodnog kamena, poput mramora ili granita, kao i druge teksture i dizajne, pru\u017eaju\u0107i raznolikost i estetski privla\u010dan izgled. Otporan je na ogrebotine, udarce, mrlje i toplinu. To ga \u010dini izdr\u017eljivim materijalom koji zadr\u017eava svoj izgled tokom vremena. Tako\u0111er je otporan na hemikalije, poput ku\u0107nih deterd\u017eenata, \u0161to ga \u010dini pogodnim za upotrebu u kuhinjama i kupaonicama. Kerrock je higijenski materijal jer je glatka povr\u0161ina neporozna, \u0161to ote\u017eava razmno\u017eavanje bakterija i mrlja. Tako\u0111er je jednostavan za \u010di\u0161\u0107enje i odr\u017eavanje, \u0161to je va\u017eno u prostorima gdje se zahtijeva visoka razina higijene. Ovaj materijal odlikuje fleksibilnost s toga se mo\u017ee oblikovati u razne oblike i veli\u010dine prema potrebama projekta.<\/p>\n<p>[\/et_pb_text][\/et_pb_column][et_pb_column type=&#8221;1_2&#8221; _builder_version=&#8221;4.20.2&#8221; _module_preset=&#8221;default&#8221; global_colors_info=&#8221;{}&#8221;][et_pb_image src=&#8221;http:\/\/drvodizajn.com\/wp-content\/uploads\/2023\/06\/naslovna-4.jpg&#8221; title_text=&#8221;naslovna&#8221; _builder_version=&#8221;4.20.2&#8221; _module_preset=&#8221;default&#8221; custom_padding=&#8221;||0vh||false|false&#8221; animation_repeat=&#8221;once&#8221; global_colors_info=&#8221;{}&#8221;][\/et_pb_image][\/et_pb_column][\/et_pb_row][et_pb_row _builder_version=&#8221;4.20.2&#8221; _module_preset=&#8221;default&#8221; global_colors_info=&#8221;{}&#8221;][et_pb_column type=&#8221;4_4&#8221; _builder_version=&#8221;4.20.2&#8221; _module_preset=&#8221;default&#8221; global_colors_info=&#8221;{}&#8221;][et_pb_gallery gallery_ids=&#8221;1338,1334,1333,1335,1336,2136,2137,2138&#8221; show_title_and_caption=&#8221;off&#8221; _builder_version=&#8221;4.20.2&#8221; _module_preset=&#8221;default&#8221; title_font=&#8221;Inria Serif||||||||&#8221; title_text_align=&#8221;center&#8221; title_font_size=&#8221;15px&#8221; custom_margin=&#8221;||168px|||&#8221; custom_margin_tablet=&#8221;||168px|||&#8221; custom_margin_phone=&#8221;||0px||false|false&#8221; custom_margin_last_edited=&#8221;on|phone&#8221; global_colors_info=&#8221;{}&#8221;][\/et_pb_gallery][\/et_pb_column][\/et_pb_row][et_pb_row column_structure=&#8221;1_2,1_2&#8221; _builder_version=&#8221;4.20.2&#8221; _module_preset=&#8221;default&#8221; custom_margin=&#8221;|auto|72px|auto||&#8221; custom_padding=&#8221;1px||0px|||&#8221; global_colors_info=&#8221;{}&#8221;][et_pb_column type=&#8221;1_2&#8221; _builder_version=&#8221;4.20.2&#8221; _module_preset=&#8221;default&#8221; global_colors_info=&#8221;{}&#8221;][et_pb_image src=&#8221;http:\/\/drvodizajn.com\/wp-content\/uploads\/2023\/06\/naslovna-5.jpg&#8221; title_text=&#8221;naslovna&#8221; _builder_version=&#8221;4.20.2&#8221; _module_preset=&#8221;default&#8221; custom_margin=&#8221;-19px|||||&#8221; custom_padding=&#8221;||0vh||false|false&#8221; animation_repeat=&#8221;once&#8221; global_colors_info=&#8221;{}&#8221;][\/et_pb_image][\/et_pb_column][et_pb_column type=&#8221;1_2&#8221; _builder_version=&#8221;4.20.2&#8221; _module_preset=&#8221;default&#8221; global_colors_info=&#8221;{}&#8221;][et_pb_text _builder_version=&#8221;4.20.2&#8221; _module_preset=&#8221;default&#8221; text_font=&#8221;Inria Sans|700|||||||&#8221; custom_margin=&#8221;-5px|||||&#8221; custom_margin_tablet=&#8221;6px|||||&#8221; custom_margin_phone=&#8221;0px||||false|false&#8221; custom_margin_last_edited=&#8221;on|phone&#8221; custom_padding=&#8221;||0px|||&#8221; global_colors_info=&#8221;{}&#8221;]<\/p>\n<p>Compact<\/p>\n<p>[\/et_pb_text][et_pb_text _builder_version=&#8221;4.20.2&#8221; _module_preset=&#8221;default&#8221; text_font=&#8221;Inria Serif|300|||||||&#8221; global_colors_info=&#8221;{}&#8221;]<\/p>\n<p>Materijal Compact je vrsta visokokvalitetnog kompozitnog materijala koji se \u0161iroko koristi u industriji interijera i dizajnu. Ovaj materijal poznat je i pod drugim nazivima kao \u0161to su &#8220;compact laminat&#8221; ili &#8220;HPL (High-Pressure Laminate) compact&#8221;. Sastoji se od nekoliko slojeva impregniranog papira koji su spojeni zajedno pod visokim pritiskom i temperaturom. Slojevi papira impregnirani su smolom, \u010dime se posti\u017ee izuzetna \u010dvrsto\u0107a i izdr\u017eljivost materijala. Dolazi u raznim bojama, uzorcima i teksturama. Mo\u017ee simulirati izgled prirodnog drva, kamena, metala ili drugih materijala. Tako\u0111er je mogu\u0107e dobiti razli\u010dite zavr\u0161ne obrade, kao \u0161to su sjajna, mat ili teksturirana povr\u0161ina. Otporan je na ogrebotine, udarce, abraziju, toplinu, kemikalije i vlagu. Ova svojstva \u010dine ga pogodnim za upotrebu u razli\u010ditim prostorima, uklju\u010duju\u0107i kuhinje, kupaonice, uredske prostorije i javne objekte. Compact je jednostavan za \u010di\u0161\u0107enje i odr\u017eavanje. Povr\u0161ina se lako mo\u017ee obrisati vodom i blagim deterd\u017eentom, a ne zahtijeva posebne postupke niti posebne proizvode za odr\u017eavanje. Materijal Compact ima \u0161iroku primjenu u proizvodnji namje\u0161taja, radnih plo\u010da, zidnih obloga, stolova, vrata, panela i drugih elemenata interijera. Njegova izdr\u017eljivost, otpornost i estetske mogu\u0107nosti \u010dine ga popularnim izborom u razli\u010ditim projektima.<\/p>\n<p>[\/et_pb_text][\/et_pb_column][\/et_pb_row][et_pb_row _builder_version=&#8221;4.20.2&#8221; _module_preset=&#8221;default&#8221; custom_margin=&#8221;|auto|86px|auto||&#8221; custom_margin_tablet=&#8221;|auto|86px|auto||&#8221; custom_margin_phone=&#8221;|auto|0px|auto|false|false&#8221; custom_margin_last_edited=&#8221;on|phone&#8221; global_colors_info=&#8221;{}&#8221;][et_pb_column type=&#8221;4_4&#8221; _builder_version=&#8221;4.20.2&#8221; _module_preset=&#8221;default&#8221; global_colors_info=&#8221;{}&#8221;][et_pb_gallery gallery_ids=&#8221;2232,1344,1345,2233,1347,2140,2141,2142&#8221; show_title_and_caption=&#8221;off&#8221; _builder_version=&#8221;4.20.2&#8221; _module_preset=&#8221;default&#8221; title_font=&#8221;Inria Serif||||||||&#8221; title_text_align=&#8221;center&#8221; title_font_size=&#8221;15px&#8221; hover_enabled=&#8221;0&#8221; global_colors_info=&#8221;{}&#8221; sticky_enabled=&#8221;0&#8221;][\/et_pb_gallery][\/et_pb_column][\/et_pb_row][\/et_pb_section]<\/p>","protected":false},"excerpt":{"rendered":"<p>Radne plo\u010de i zidne oblogeRadne plo\u010de su horizontalne povr\u0161ine koje se koriste za pripremu hrane, kuhanje i druge radne aktivnosti u kuhinji dok zidne obloge imaju svrhu za\u0161tite i prekrivanja zidova u razli\u010ditim prostorijama. U ponudi imamo standardne radne plo\u010de, kerrock i compact.Ponuda radnih plo\u010da i zidnih oblogaStandardne radne plo\u010deStandardne radne plo\u010de izra\u0111ene su od [&hellip;]<\/p>","protected":false},"author":1,"featured_media":0,"parent":0,"menu_order":0,"comment_status":"closed","ping_status":"closed","template":"","meta":{"_et_pb_use_builder":"on","_et_pb_old_content":"","_et_gb_content_width":"","_monsterinsights_skip_tracking":false,"_monsterinsights_sitenote_active":false,"_monsterinsights_sitenote_note":"","_monsterinsights_sitenote_category":0,"footnotes":""},"class_list":["post-1324","page","type-page","status-publish","hentry"],"aioseo_notices":[],"_links":{"self":[{"href":"https:\/\/drvodizajn.com\/en\/wp-json\/wp\/v2\/pages\/1324","targetHints":{"allow":["GET"]}}],"collection":[{"href":"https:\/\/drvodizajn.com\/en\/wp-json\/wp\/v2\/pages"}],"about":[{"href":"https:\/\/drvodizajn.com\/en\/wp-json\/wp\/v2\/types\/page"}],"author":[{"embeddable":true,"href":"https:\/\/drvodizajn.com\/en\/wp-json\/wp\/v2\/users\/1"}],"replies":[{"embeddable":true,"href":"https:\/\/drvodizajn.com\/en\/wp-json\/wp\/v2\/comments?post=1324"}],"version-history":[{"count":0,"href":"https:\/\/drvodizajn.com\/en\/wp-json\/wp\/v2\/pages\/1324\/revisions"}],"wp:attachment":[{"href":"https:\/\/drvodizajn.com\/en\/wp-json\/wp\/v2\/media?parent=1324"}],"curies":[{"name":"wp","href":"https:\/\/api.w.org\/{rel}","templated":true}]}}