{"id":1466,"date":"2023-06-05T09:31:20","date_gmt":"2023-06-05T09:31:20","guid":{"rendered":"https:\/\/drvodizajn.com\/?page_id=1466"},"modified":"2025-03-11T08:23:08","modified_gmt":"2025-03-11T08:23:08","slug":"plakari-i-ormari","status":"publish","type":"page","link":"https:\/\/drvodizajn.com\/en\/plakari-i-ormari\/","title":{"rendered":"Closets and wardrobes"},"content":{"rendered":"[et_pb_section fb_built=&#8221;1&#8221; admin_label=&#8221;Header&#8221; _builder_version=&#8221;4.20.2&#8221; _module_preset=&#8221;default&#8221; use_background_color_gradient=&#8221;on&#8221; background_color_gradient_direction=&#8221;90deg&#8221; background_color_gradient_stops=&#8221;rgba(54,159,110,0.09) 0%|rgba(255,255,255,0) 24%&#8221; custom_padding=&#8221;84px||0px|||&#8221; da_disable_devices=&#8221;off|off|off&#8221; global_colors_info=&#8221;{}&#8221; da_is_popup=&#8221;off&#8221; da_exit_intent=&#8221;off&#8221; da_has_close=&#8221;on&#8221; da_alt_close=&#8221;off&#8221; da_dark_close=&#8221;off&#8221; da_not_modal=&#8221;on&#8221; da_is_singular=&#8221;off&#8221; da_with_loader=&#8221;off&#8221; da_has_shadow=&#8221;on&#8221;][\/et_pb_section][et_pb_section fb_built=&#8221;1&#8221; _builder_version=&#8221;4.20.2&#8221; _module_preset=&#8221;default&#8221; da_disable_devices=&#8221;off|off|off&#8221; global_colors_info=&#8221;{}&#8221; da_is_popup=&#8221;off&#8221; da_exit_intent=&#8221;off&#8221; da_has_close=&#8221;on&#8221; da_alt_close=&#8221;off&#8221; da_dark_close=&#8221;off&#8221; da_not_modal=&#8221;on&#8221; da_is_singular=&#8221;off&#8221; da_with_loader=&#8221;off&#8221; da_has_shadow=&#8221;on&#8221;][et_pb_row _builder_version=&#8221;4.20.2&#8221; _module_preset=&#8221;default&#8221; custom_margin=&#8221;-174px|auto||auto||&#8221; global_colors_info=&#8221;{}&#8221;][et_pb_column type=&#8221;4_4&#8221; _builder_version=&#8221;4.20.2&#8221; _module_preset=&#8221;default&#8221; global_colors_info=&#8221;{}&#8221;][et_pb_video src=&#8221;http:\/\/drvodizajn.com\/wp-content\/uploads\/2023\/06\/ormari-i-plakari-Stitched-Clip.mp4&#8221; module_class=&#8221;autoplay-video&#8221; _builder_version=&#8221;4.20.2&#8221; _module_preset=&#8221;default&#8221; global_colors_info=&#8221;{}&#8221;][\/et_pb_video][\/et_pb_column][\/et_pb_row][\/et_pb_section][et_pb_section fb_built=&#8221;1&#8221; admin_label=&#8221;Details&#8221; _builder_version=&#8221;4.18.0&#8221; _module_preset=&#8221;default&#8221; custom_padding=&#8221;0px|||||&#8221; da_disable_devices=&#8221;off|off|off&#8221; global_colors_info=&#8221;{}&#8221; da_is_popup=&#8221;off&#8221; da_exit_intent=&#8221;off&#8221; da_has_close=&#8221;on&#8221; da_alt_close=&#8221;off&#8221; da_dark_close=&#8221;off&#8221; da_not_modal=&#8221;on&#8221; da_is_singular=&#8221;off&#8221; da_with_loader=&#8221;off&#8221; da_has_shadow=&#8221;on&#8221;][et_pb_row column_structure=&#8221;1_2,1_2&#8221; _builder_version=&#8221;4.20.2&#8221; _module_preset=&#8221;default&#8221; global_colors_info=&#8221;{}&#8221;][et_pb_column type=&#8221;1_2&#8221; _builder_version=&#8221;4.18.0&#8221; _module_preset=&#8221;default&#8221; global_colors_info=&#8221;{}&#8221;][et_pb_text _builder_version=&#8221;4.20.2&#8221; _module_preset=&#8221;16a54059-cc81-4572-9c70-eda6a6c419bf&#8221; text_font=&#8221;Inria Serif|300|||||||&#8221; text_font_size=&#8221;15px&#8221; text_line_height=&#8221;1.8em&#8221; custom_margin=&#8221;|-582px||||&#8221; custom_margin_tablet=&#8221;|-582px||||&#8221; custom_margin_phone=&#8221;|0px|||false|false&#8221; custom_margin_last_edited=&#8221;on|phone&#8221; text_font_size_tablet=&#8221;15px&#8221; text_font_size_phone=&#8221;14px&#8221; text_font_size_last_edited=&#8221;on|phone&#8221; header_font_size_tablet=&#8221;55px&#8221; header_font_size_last_edited=&#8221;off|desktop&#8221; locked=&#8221;off&#8221; global_colors_info=&#8221;{}&#8221;]<div class=\"grid_6\">\n<div class=\"off2\">\n<div class=\"box_cnt__no-flow2\">\n<p>Po \u017eelji kupca i pa\u017eljivim odabirom materijala, stvaramo funkcionalne i estetski privla\u010dne komade namje\u0161taja koji \u0107e unijeti organizaciju i stil u va\u0161 dom. U skladu sa veli\u010dinom ili oblikom prostorije, mi nudimo personalizovana rje\u0161enja koja \u0107e vam omogu\u0107iti maksimalno iskori\u0161tavanje prostora i pru\u017eiti vam obilje skladi\u0161tenja. Na\u0161i ormari i plakari su funkcionalni, izdr\u017eljivi i prilago\u0111eni va\u0161im potrebama. Pored izrade, nudimo i stru\u010dne usluge projektovanja enterijera. Na\u0161 tim \u0107e sara\u0111ivati sa vama kako bismo razumjeli va\u0161e \u017eelje i potrebe, i pru\u017eiti vam personalizovane savjete i rje\u0161enja za optimizaciju prostora.<\/p>\n<p>&nbsp;<\/p>\n<\/div>\n<\/div>\n<\/div>[\/et_pb_text][\/et_pb_column][et_pb_column type=&#8221;1_2&#8221; _builder_version=&#8221;4.18.0&#8221; _module_preset=&#8221;default&#8221; global_colors_info=&#8221;{}&#8221;][\/et_pb_column][\/et_pb_row][et_pb_row column_structure=&#8221;1_2,1_2&#8221; custom_padding_last_edited=&#8221;on|phone&#8221; _builder_version=&#8221;4.20.2&#8221; _module_preset=&#8221;default&#8221; custom_margin=&#8221;77px|auto|76px|auto||&#8221; custom_margin_tablet=&#8221;77px|auto|76px|auto||&#8221; custom_margin_phone=&#8221;0px|auto|0px|auto|false|false&#8221; custom_margin_last_edited=&#8221;on|phone&#8221; custom_padding=&#8221;16px|||||&#8221; custom_padding_tablet=&#8221;16px|||||&#8221; custom_padding_phone=&#8221;0px||||false|false&#8221; global_colors_info=&#8221;{}&#8221;][et_pb_column type=&#8221;1_2&#8221; _builder_version=&#8221;4.20.2&#8221; _module_preset=&#8221;default&#8221; global_colors_info=&#8221;{}&#8221;][et_pb_image src=&#8221;http:\/\/drvodizajn.com\/wp-content\/uploads\/2023\/06\/naslovna.jpg&#8221; _builder_version=&#8221;4.20.2&#8221; _module_preset=&#8221;default&#8221; custom_margin=&#8221;12px|||||&#8221; custom_padding=&#8221;||0vh||false|false&#8221; animation_style=&#8221;none&#8221; global_colors_info=&#8221;{}&#8221;][\/et_pb_image][\/et_pb_column][et_pb_column type=&#8221;1_2&#8221; _builder_version=&#8221;4.20.2&#8221; _module_preset=&#8221;default&#8221; global_colors_info=&#8221;{}&#8221;][et_pb_text _builder_version=&#8221;4.20.2&#8221; _module_preset=&#8221;default&#8221; text_font=&#8221;Inria Serif|700|||||||&#8221; text_font_size=&#8221;16px&#8221; custom_margin=&#8221;1px||14px|||&#8221; custom_padding=&#8221;12px|||||&#8221; global_colors_info=&#8221;{}&#8221;]<p>Potpuno ugradbeni ormari<\/p>[\/et_pb_text][et_pb_text _builder_version=&#8221;4.20.2&#8221; _module_preset=&#8221;default&#8221; text_font=&#8221;Inria Serif|300|||||||&#8221; width=&#8221;80.8%&#8221; width_tablet=&#8221;80.8%&#8221; width_phone=&#8221;80.8%&#8221; width_last_edited=&#8221;on|phone&#8221; custom_margin_tablet=&#8221;&#8221; custom_margin_phone=&#8221;&#8221; custom_margin_last_edited=&#8221;on|phone&#8221; custom_padding=&#8221;||0px||false|false&#8221; custom_padding_tablet=&#8221;|53px|0px|||&#8221; custom_padding_phone=&#8221;|0px|0px||false|false&#8221; custom_padding_last_edited=&#8221;on|phone&#8221; global_colors_info=&#8221;{}&#8221;]<p>Dizajnirani su na na\u010din da pru\u017ee obilje prostora za skladi\u0161tenje i organizaciju. Oni nude dovoljno mjesta za garderobu, obu\u0107u, torbe, a tako\u0111e mogu imati prostor za prikazivanje nakita, kapa ili drugih modnih dodataka. Lako se mogu prilagoditi va\u0161im potrebama. Mo\u017eete birati izme\u0111u razli\u010ditih unutra\u0161njih elemenata kao \u0161to su police, vje\u0161alice, fioke, dr\u017ea\u010di za cipele, ogledala i klupice.\u00a0 Tako\u0111e, prostor za skladi\u0161tenje u walk-in ormarima mo\u017ee biti optimizovan kori\u0161tenjem razli\u010ditih organizacionih sistema kao \u0161to su ko\u0161are, dr\u017ea\u010di za kravate ili marame, kutije i sli\u010dno.<\/p>[\/et_pb_text][et_pb_gallery gallery_ids=&#8221;1737,1738,1739,1740,1741,1742&#8221; posts_number=&#8221;2&#8221; show_title_and_caption=&#8221;off&#8221; _builder_version=&#8221;4.20.2&#8221; _module_preset=&#8221;default&#8221; custom_margin=&#8221;-21px|||||&#8221; global_colors_info=&#8221;{}&#8221;][\/et_pb_gallery][\/et_pb_column][\/et_pb_row][et_pb_row column_structure=&#8221;1_2,1_2&#8221; custom_padding_last_edited=&#8221;on|phone&#8221; _builder_version=&#8221;4.20.2&#8221; _module_preset=&#8221;default&#8221; custom_margin=&#8221;27px|auto|85px|auto||&#8221; custom_margin_tablet=&#8221;27px|auto|85px|auto||&#8221; custom_margin_phone=&#8221;0px|auto|0px|auto|false|false&#8221; custom_margin_last_edited=&#8221;on|phone&#8221; custom_padding=&#8221;14px|||||&#8221; custom_padding_tablet=&#8221;14px|||||&#8221; custom_padding_phone=&#8221;0px||||false|false&#8221; global_colors_info=&#8221;{}&#8221;][et_pb_column type=&#8221;1_2&#8221; _builder_version=&#8221;4.20.2&#8221; _module_preset=&#8221;default&#8221; global_colors_info=&#8221;{}&#8221;][et_pb_text _builder_version=&#8221;4.20.2&#8221; _module_preset=&#8221;default&#8221; text_font=&#8221;Inria Serif|700|||||||&#8221; text_font_size=&#8221;16px&#8221; custom_margin=&#8221;||14px|||&#8221; global_colors_info=&#8221;{}&#8221;]<p>Samostoje\u0107i ormari<\/p>[\/et_pb_text][et_pb_text _builder_version=&#8221;4.20.2&#8221; _module_preset=&#8221;default&#8221; text_font=&#8221;Inria Serif|300|||||||&#8221; width=&#8221;80.8%&#8221; custom_padding=&#8221;|53px||||&#8221; custom_padding_tablet=&#8221;|53px||||&#8221; custom_padding_phone=&#8221;|0px|||false|false&#8221; custom_padding_last_edited=&#8221;on|phone&#8221; global_colors_info=&#8221;{}&#8221;]<p>Samostoje\u0107i ormari su prakti\u010dno i funkcionalno rje\u0161enje za skladi\u0161tenje i organizaciju u prostoru. Ovi ormari su nezavisni i mogu se postaviti bilo gde u sobi, bez potrebe za ugradbenim radovima. Samostoje\u0107i ormari su lako dostupni i pru\u017eaju veliku fleksibilnost u postavljanju. Mo\u017eete ih premjestiti i ponovno organizovati prema va\u0161im potrebama, bez ikakvih ograni\u010denja. Dostupni su u razli\u010ditim stilovima i dizajnima koji se mogu prilagoditi va\u0161em enterijeru. Mo\u017eete birati izme\u0111u modernog, klasi\u010dnog, rustikalnog ili minimalisti\u010dkog dizajna.<\/p>\n<p>&nbsp;<\/p>[\/et_pb_text][et_pb_gallery gallery_ids=&#8221;1708,1747,1746,1748,1749,1750,1751,1752,1753,1754&#8221; posts_number=&#8221;2&#8221; show_title_and_caption=&#8221;off&#8221; _builder_version=&#8221;4.20.2&#8221; _module_preset=&#8221;default&#8221; custom_margin=&#8221;-56px|||||&#8221; global_colors_info=&#8221;{}&#8221;][\/et_pb_gallery][\/et_pb_column][et_pb_column type=&#8221;1_2&#8221; _builder_version=&#8221;4.20.2&#8221; _module_preset=&#8221;default&#8221; global_colors_info=&#8221;{}&#8221;][et_pb_image src=&#8221;http:\/\/drvodizajn.com\/wp-content\/uploads\/2023\/06\/naslovna-1.jpg&#8221; _builder_version=&#8221;4.20.2&#8221; _module_preset=&#8221;default&#8221; custom_padding=&#8221;||0vh||false|false&#8221; animation_style=&#8221;none&#8221; global_colors_info=&#8221;{}&#8221;][\/et_pb_image][\/et_pb_column][\/et_pb_row][et_pb_row column_structure=&#8221;1_2,1_2&#8221; custom_padding_last_edited=&#8221;on|phone&#8221; _builder_version=&#8221;4.20.2&#8221; _module_preset=&#8221;default&#8221; custom_margin=&#8221;77px|auto|76px|auto||&#8221; custom_margin_tablet=&#8221;77px|auto|76px|auto||&#8221; custom_margin_phone=&#8221;0px||0px||false|false&#8221; custom_margin_last_edited=&#8221;on|phone&#8221; custom_padding=&#8221;16px|||||&#8221; custom_padding_tablet=&#8221;16px|||||&#8221; custom_padding_phone=&#8221;0px||||false|false&#8221; global_colors_info=&#8221;{}&#8221;][et_pb_column type=&#8221;1_2&#8221; _builder_version=&#8221;4.20.2&#8221; _module_preset=&#8221;default&#8221; global_colors_info=&#8221;{}&#8221;][et_pb_image src=&#8221;http:\/\/drvodizajn.com\/wp-content\/uploads\/2023\/06\/2-2.jpg&#8221; _builder_version=&#8221;4.20.2&#8221; _module_preset=&#8221;default&#8221; custom_margin=&#8221;12px|||||&#8221; custom_padding=&#8221;||0vh||false|false&#8221; animation_style=&#8221;none&#8221; global_colors_info=&#8221;{}&#8221;][\/et_pb_image][\/et_pb_column][et_pb_column type=&#8221;1_2&#8221; _builder_version=&#8221;4.20.2&#8221; _module_preset=&#8221;default&#8221; global_colors_info=&#8221;{}&#8221;][et_pb_text _builder_version=&#8221;4.20.2&#8221; _module_preset=&#8221;default&#8221; text_font=&#8221;Inria Serif|700|||||||&#8221; text_font_size=&#8221;16px&#8221; custom_margin=&#8221;1px||14px|||&#8221; custom_padding=&#8221;12px|||||&#8221; global_colors_info=&#8221;{}&#8221;]<p>Oprema za ormare i plakare<\/p>[\/et_pb_text][et_pb_text _builder_version=&#8221;4.20.2&#8221; _module_preset=&#8221;default&#8221; text_font=&#8221;Inria Serif|300|||||||&#8221; width=&#8221;80.8%&#8221; custom_padding=&#8221;|53px||||&#8221; custom_padding_tablet=&#8221;|53px||||&#8221; custom_padding_phone=&#8221;|0px|||false|false&#8221; custom_padding_last_edited=&#8221;on|phone&#8221; global_colors_info=&#8221;{}&#8221;]<p>Oprema za ormare i plakare obuhvata \u0161irok spektar predmeta koji su namijenjeni organizaciji, skladi\u0161tenju i pobolj\u0161anju funkcionalnosti ovih prostora. Oprema za ormare i plakare mo\u017ee se prilagoditi potrebama i preferencijama svakog pojedinca. Kako bismo ormare i plakare u\u010dinili \u0161to efikasnijim nudimo \u0161irok asortiman dodataka i okova \u00a0\u010diji su predstavnici renomirani svjetski izvo\u0111a\u010di kao \u0161to su Hettich, Halco, Sevetto, Volpato i dr.<\/p>\n<p>&nbsp;<\/p>[\/et_pb_text][et_pb_gallery gallery_ids=&#8221;1758,1762,1756,1757,1759,1760,1761,1764&#8221; posts_number=&#8221;2&#8221; show_title_and_caption=&#8221;off&#8221; _builder_version=&#8221;4.20.2&#8221; _module_preset=&#8221;default&#8221; global_colors_info=&#8221;{}&#8221;][\/et_pb_gallery][\/et_pb_column][\/et_pb_row][et_pb_row column_structure=&#8221;1_2,1_2&#8221; custom_padding_last_edited=&#8221;on|phone&#8221; _builder_version=&#8221;4.20.2&#8221; _module_preset=&#8221;default&#8221; custom_margin=&#8221;27px|auto|85px|auto||&#8221; custom_margin_tablet=&#8221;27px|auto|85px|auto||&#8221; custom_margin_phone=&#8221;0px|auto|0px|auto|false|false&#8221; custom_margin_last_edited=&#8221;on|phone&#8221; custom_padding=&#8221;14px|||||&#8221; custom_padding_tablet=&#8221;14px|||||&#8221; custom_padding_phone=&#8221;0px||||false|false&#8221; global_colors_info=&#8221;{}&#8221;][et_pb_column type=&#8221;1_2&#8221; _builder_version=&#8221;4.20.2&#8221; _module_preset=&#8221;default&#8221; global_colors_info=&#8221;{}&#8221;][et_pb_text _builder_version=&#8221;4.20.2&#8221; _module_preset=&#8221;default&#8221; text_font=&#8221;Inria Serif|700|||||||&#8221; text_font_size=&#8221;16px&#8221; custom_margin=&#8221;101px||14px|||&#8221; custom_margin_tablet=&#8221;101px||14px|||&#8221; custom_margin_phone=&#8221;0px||14px||false|false&#8221; custom_margin_last_edited=&#8221;on|phone&#8221; global_colors_info=&#8221;{}&#8221;]<p>Projektovanje ormara i plakara<\/p>[\/et_pb_text][et_pb_text _builder_version=&#8221;4.20.2&#8221; _module_preset=&#8221;default&#8221; text_font=&#8221;Inria Serif|300|||||||&#8221; width=&#8221;80.8%&#8221; custom_padding=&#8221;|53px||||&#8221; custom_padding_tablet=&#8221;|53px||||&#8221; custom_padding_phone=&#8221;|0px|||false|false&#8221; custom_padding_last_edited=&#8221;on|phone&#8221; global_colors_info=&#8221;{}&#8221;]<p>Na\u0161 tim stru\u010dnjaka \u0107e vam pomo\u0107i da stvorite savr\u0161en ormar koji \u0107e zadovoljiti va\u0161e estetske preferencije i pru\u017eiti funkcionalnost za optimalno skladi\u0161tenje i organizaciju. Bilo da vam je potreban ugradbeni ormar, samostoje\u0107i ormar ili walk-in ormar, mi smo tu da vam pru\u017eimo stru\u010dno vo\u0111stvo i kvalitetnu izradu. Sa pa\u017enjom posve\u0107ujemo detaljima, koristimo vrhunske materijale i primjenjujemo najnovije tehnike kako bismo isporu\u010dili izvanredne rezultate. Va\u0161e zadovoljstvo nam je na prvom mjestu, stoga smo posve\u0107eni pru\u017eanju personalizovanog i profesionalnog pristupa svakom projektu.<\/p>\n<p>&nbsp;<\/p>[\/et_pb_text][\/et_pb_column][et_pb_column type=&#8221;1_2&#8221; _builder_version=&#8221;4.20.2&#8221; _module_preset=&#8221;default&#8221; global_colors_info=&#8221;{}&#8221;][et_pb_image src=&#8221;http:\/\/drvodizajn.com\/wp-content\/uploads\/2023\/06\/projektovanje.jpg&#8221; _builder_version=&#8221;4.20.2&#8221; _module_preset=&#8221;default&#8221; custom_padding=&#8221;||0vh||false|false&#8221; animation_style=&#8221;none&#8221; global_colors_info=&#8221;{}&#8221;][\/et_pb_image][\/et_pb_column][\/et_pb_row][et_pb_row _builder_version=&#8221;4.20.2&#8221; _module_preset=&#8221;default&#8221; custom_margin=&#8221;76px|auto||auto||&#8221; custom_margin_tablet=&#8221;76px|auto||auto||&#8221; custom_margin_phone=&#8221;0px|auto||auto|false|false&#8221; custom_margin_last_edited=&#8221;on|phone&#8221; global_colors_info=&#8221;{}&#8221;][et_pb_column type=&#8221;4_4&#8221; _builder_version=&#8221;4.20.2&#8221; _module_preset=&#8221;default&#8221; global_colors_info=&#8221;{}&#8221;][et_pb_button button_url=&#8221;@ET-DC@eyJkeW5hbWljIjp0cnVlLCJjb250ZW50IjoicG9zdF9saW5rX3VybF9wYWdlIiwic2V0dGluZ3MiOnsicG9zdF9pZCI6IjU1MyJ9fQ==@&#8221; button_text=&#8221;Po\u0161alji upit&#8221; _builder_version=&#8221;4.20.2&#8221; _dynamic_attributes=&#8221;button_url&#8221; _module_preset=&#8221;fd4cbe8d-44bb-4497-977d-4a9151abc25c&#8221; custom_button=&#8221;on&#8221; button_text_size=&#8221;14px&#8221; button_text_color=&#8221;#000000&#8221; button_bg_color=&#8221;#FFFFFF&#8221; button_border_width=&#8221;1px&#8221; button_border_color=&#8221;#2a8655&#8221; button_border_radius=&#8221;7px&#8221; button_letter_spacing=&#8221;2px&#8221; button_font=&#8221;Rubik|300||on|||||&#8221; custom_padding=&#8221;16px|24px|16px|24px|true|true&#8221; custom_padding_tablet=&#8221;16px|28px|16px|28px|true|true&#8221; custom_padding_phone=&#8221;14px|20px|14px|20px|true|true&#8221; custom_padding_last_edited=&#8221;off|desktop&#8221; button_text_size_tablet=&#8221;15px&#8221; button_text_size_phone=&#8221;14px&#8221; button_text_size_last_edited=&#8221;off|desktop&#8221; locked=&#8221;off&#8221; global_colors_info=&#8221;{}&#8221; button_bg_color__hover=&#8221;#2a8655&#8221; button_bg_color__hover_enabled=&#8221;on|hover&#8221; button_text_color__hover=&#8221;#FFFFFF&#8221; button_text_color__hover_enabled=&#8221;on|hover&#8221; button_text__hover_enabled=&#8221;on|hover&#8221; button_bg_enable_color__hover=&#8221;on&#8221; button_text__hover=&#8221;Po\u0161alji upit&#8221;][\/et_pb_button][\/et_pb_column][\/et_pb_row][\/et_pb_section]","protected":false},"excerpt":{"rendered":"<p>Po \u017eelji kupca i pa\u017eljivim odabirom materijala, stvaramo funkcionalne i estetski privla\u010dne komade namje\u0161taja koji \u0107e unijeti organizaciju i stil u va\u0161 dom. U skladu sa veli\u010dinom ili oblikom prostorije, mi nudimo personalizovana rje\u0161enja koja \u0107e vam omogu\u0107iti maksimalno iskori\u0161tavanje prostora i pru\u017eiti vam obilje skladi\u0161tenja. Na\u0161i ormari i plakari su funkcionalni, izdr\u017eljivi i prilago\u0111eni [&hellip;]<\/p>","protected":false},"author":1,"featured_media":0,"parent":0,"menu_order":0,"comment_status":"closed","ping_status":"closed","template":"","meta":{"_et_pb_use_builder":"on","_et_pb_old_content":"","_et_gb_content_width":"","_monsterinsights_skip_tracking":false,"_monsterinsights_sitenote_active":false,"_monsterinsights_sitenote_note":"","_monsterinsights_sitenote_category":0,"footnotes":""},"class_list":["post-1466","page","type-page","status-publish","hentry"],"aioseo_notices":[],"_links":{"self":[{"href":"https:\/\/drvodizajn.com\/en\/wp-json\/wp\/v2\/pages\/1466","targetHints":{"allow":["GET"]}}],"collection":[{"href":"https:\/\/drvodizajn.com\/en\/wp-json\/wp\/v2\/pages"}],"about":[{"href":"https:\/\/drvodizajn.com\/en\/wp-json\/wp\/v2\/types\/page"}],"author":[{"embeddable":true,"href":"https:\/\/drvodizajn.com\/en\/wp-json\/wp\/v2\/users\/1"}],"replies":[{"embeddable":true,"href":"https:\/\/drvodizajn.com\/en\/wp-json\/wp\/v2\/comments?post=1466"}],"version-history":[{"count":1,"href":"https:\/\/drvodizajn.com\/en\/wp-json\/wp\/v2\/pages\/1466\/revisions"}],"predecessor-version":[{"id":2697,"href":"https:\/\/drvodizajn.com\/en\/wp-json\/wp\/v2\/pages\/1466\/revisions\/2697"}],"wp:attachment":[{"href":"https:\/\/drvodizajn.com\/en\/wp-json\/wp\/v2\/media?parent=1466"}],"curies":[{"name":"wp","href":"https:\/\/api.w.org\/{rel}","templated":true}]}}