{"id":1497,"date":"2023-06-05T10:05:53","date_gmt":"2023-06-05T10:05:53","guid":{"rendered":"https:\/\/drvodizajn.com\/?page_id=1497"},"modified":"2025-03-11T08:24:26","modified_gmt":"2025-03-11T08:24:26","slug":"kupatilske-garniture","status":"publish","type":"page","link":"https:\/\/drvodizajn.com\/en\/kupatilske-garniture\/","title":{"rendered":"Bathroom sets"},"content":{"rendered":"[et_pb_section fb_built=&#8221;1&#8221; admin_label=&#8221;Header&#8221; _builder_version=&#8221;4.20.2&#8221; _module_preset=&#8221;default&#8221; use_background_color_gradient=&#8221;on&#8221; background_color_gradient_direction=&#8221;90deg&#8221; background_color_gradient_stops=&#8221;rgba(54,159,110,0.09) 0%|rgba(255,255,255,0) 24%&#8221; custom_padding=&#8221;||0px|||&#8221; da_disable_devices=&#8221;off|off|off&#8221; global_colors_info=&#8221;{}&#8221; da_is_popup=&#8221;off&#8221; da_exit_intent=&#8221;off&#8221; da_has_close=&#8221;on&#8221; da_alt_close=&#8221;off&#8221; da_dark_close=&#8221;off&#8221; da_not_modal=&#8221;on&#8221; da_is_singular=&#8221;off&#8221; da_with_loader=&#8221;off&#8221; da_has_shadow=&#8221;on&#8221;][et_pb_row _builder_version=&#8221;4.18.0&#8221; _module_preset=&#8221;default&#8221; custom_margin=&#8221;-12px|auto||auto||&#8221; custom_padding=&#8221;4px|||||&#8221; global_colors_info=&#8221;{}&#8221;][et_pb_column type=&#8221;4_4&#8221; _builder_version=&#8221;4.18.0&#8221; _module_preset=&#8221;default&#8221; global_colors_info=&#8221;{}&#8221;][et_pb_video src=&#8221;http:\/\/drvodizajn.com\/wp-content\/uploads\/2023\/06\/kupatilske-garniture.mp4&#8221; module_class=&#8221;autoplay-video&#8221; _builder_version=&#8221;4.20.2&#8221; _module_preset=&#8221;default&#8221; custom_margin=&#8221;18px|||||&#8221; global_colors_info=&#8221;{}&#8221;][\/et_pb_video][\/et_pb_column][\/et_pb_row][\/et_pb_section][et_pb_section fb_built=&#8221;1&#8221; admin_label=&#8221;Details&#8221; _builder_version=&#8221;4.18.0&#8221; _module_preset=&#8221;default&#8221; custom_padding=&#8221;0px|||||&#8221; da_disable_devices=&#8221;off|off|off&#8221; global_colors_info=&#8221;{}&#8221; da_is_popup=&#8221;off&#8221; da_exit_intent=&#8221;off&#8221; da_has_close=&#8221;on&#8221; da_alt_close=&#8221;off&#8221; da_dark_close=&#8221;off&#8221; da_not_modal=&#8221;on&#8221; da_is_singular=&#8221;off&#8221; da_with_loader=&#8221;off&#8221; da_has_shadow=&#8221;on&#8221;][et_pb_row column_structure=&#8221;1_2,1_2&#8221; _builder_version=&#8221;4.18.0&#8221; _module_preset=&#8221;default&#8221; global_colors_info=&#8221;{}&#8221;][et_pb_column type=&#8221;1_2&#8221; _builder_version=&#8221;4.18.0&#8221; _module_preset=&#8221;default&#8221; global_colors_info=&#8221;{}&#8221;][et_pb_text _builder_version=&#8221;4.20.2&#8221; _module_preset=&#8221;16a54059-cc81-4572-9c70-eda6a6c419bf&#8221; text_font=&#8221;Inria Serif|300|||||||&#8221; text_font_size=&#8221;15px&#8221; text_line_height=&#8221;1.8em&#8221; custom_margin=&#8221;|-582px||||&#8221; custom_margin_tablet=&#8221;|-582px||||&#8221; custom_margin_phone=&#8221;|0px|||false|false&#8221; custom_margin_last_edited=&#8221;on|phone&#8221; text_font_size_tablet=&#8221;15px&#8221; text_font_size_phone=&#8221;14px&#8221; text_font_size_last_edited=&#8221;on|phone&#8221; header_font_size_tablet=&#8221;55px&#8221; header_font_size_last_edited=&#8221;off|desktop&#8221; locked=&#8221;off&#8221; global_colors_info=&#8221;{}&#8221;]<div class=\"grid_6\">\n<div class=\"off2\">\n<div class=\"box_cnt__no-flow2\">Kupatilske garniture izra\u0111ene od MDF-a i masivnog drveta kombinuju stil, funkcionalnost i trajnost. \u00a0MDF je kompozitni materijal napravljen od drvne pra\u0161ine i veziva. Kada se koristi u kupatilskim garniturama, MDF pru\u017ea glatke povr\u0161ine i ravne ivice. Ovaj materijal je \u010dvrst, stabilan i lako se obra\u0111uje, \u0161to omogu\u0107ava izradu razli\u010ditih dizajna i detalja. MDF se obi\u010dno presvla\u010di laminatom, bojom ili premazom koji mu daje otpornost na vlagu i o\u0161te\u0107enja. S druge strane masivno drvo je prirodni materijal poznat po svojoj izdr\u017eljivosti i ljepoti. Kupatilske garniture od masivnog drveta pru\u017eaju prirodan i rusti\u010dan izgled. Ovaj materijal je otporan na vlagu, ali zahtijeva redovno odr\u017eavanje kako bi se o\u010duvala njegova kvaliteta i sprije\u010dile promjene uslijed vla\u017enosti. Kombinacija MDF-a i masivnog drveta u kupatilskim garniturama pru\u017ea prednosti oba materijala. MDF donosi stabilnost, glatke povr\u0161ine i \u0161iri spektar dizajnerskih mogu\u0107nosti, dok masivno drvo doprinosi prirodnom izgledu, dugotrajnosti i jedinstvenom karakteru. Ovi materijali se \u010desto koriste za izradu kupatilskih ormari\u0107a, ogledala, polica i drugih elemenata koji su funkcionalni i estetski privla\u010dni u kupatilskom prostoru.<\/div>\n<\/div>\n<\/div>[\/et_pb_text][\/et_pb_column][et_pb_column type=&#8221;1_2&#8221; _builder_version=&#8221;4.18.0&#8221; _module_preset=&#8221;default&#8221; global_colors_info=&#8221;{}&#8221;][\/et_pb_column][\/et_pb_row][et_pb_row _builder_version=&#8221;4.20.2&#8221; _module_preset=&#8221;default&#8221; global_colors_info=&#8221;{}&#8221;][et_pb_column type=&#8221;4_4&#8221; _builder_version=&#8221;4.20.2&#8221; _module_preset=&#8221;default&#8221; global_colors_info=&#8221;{}&#8221;][et_pb_gallery gallery_ids=&#8221;1786,1787,1788,1789,1790,1791,1792,1793,1794,1795,1796,1797,1798,1799&#8221; show_title_and_caption=&#8221;off&#8221; _builder_version=&#8221;4.20.2&#8221; _module_preset=&#8221;default&#8221; global_colors_info=&#8221;{}&#8221;][\/et_pb_gallery][\/et_pb_column][\/et_pb_row][et_pb_row _builder_version=&#8221;4.20.2&#8221; _module_preset=&#8221;default&#8221; custom_margin=&#8221;4px|auto||auto||&#8221; global_colors_info=&#8221;{}&#8221;][et_pb_column type=&#8221;4_4&#8221; _builder_version=&#8221;4.20.2&#8221; _module_preset=&#8221;default&#8221; global_colors_info=&#8221;{}&#8221;][et_pb_button button_url=&#8221;@ET-DC@eyJkeW5hbWljIjp0cnVlLCJjb250ZW50IjoicG9zdF9saW5rX3VybF9wYWdlIiwic2V0dGluZ3MiOnsicG9zdF9pZCI6IjU1MyJ9fQ==@&#8221; button_text=&#8221;Po\u0161alji upit&#8221; _builder_version=&#8221;4.20.2&#8221; _dynamic_attributes=&#8221;button_url&#8221; _module_preset=&#8221;fd4cbe8d-44bb-4497-977d-4a9151abc25c&#8221; custom_button=&#8221;on&#8221; button_text_size=&#8221;14px&#8221; button_text_color=&#8221;#000000&#8221; button_bg_color=&#8221;#FFFFFF&#8221; button_border_width=&#8221;1px&#8221; button_border_color=&#8221;#2a8655&#8221; button_border_radius=&#8221;7px&#8221; button_letter_spacing=&#8221;2px&#8221; button_font=&#8221;Rubik|300||on|||||&#8221; custom_padding=&#8221;16px|24px|16px|24px|true|true&#8221; custom_padding_tablet=&#8221;16px|28px|16px|28px|true|true&#8221; custom_padding_phone=&#8221;14px|20px|14px|20px|true|true&#8221; custom_padding_last_edited=&#8221;off|desktop&#8221; button_text_size_tablet=&#8221;15px&#8221; button_text_size_phone=&#8221;14px&#8221; button_text_size_last_edited=&#8221;off|desktop&#8221; locked=&#8221;off&#8221; global_colors_info=&#8221;{}&#8221; button_bg_color__hover=&#8221;#2a8655&#8221; button_bg_color__hover_enabled=&#8221;on|hover&#8221; button_text_color__hover=&#8221;#FFFFFF&#8221; button_text_color__hover_enabled=&#8221;on|hover&#8221; button_text__hover_enabled=&#8221;on|hover&#8221; button_bg_enable_color__hover=&#8221;on&#8221; button_text__hover=&#8221;Po\u0161alji upit&#8221;][\/et_pb_button][\/et_pb_column][\/et_pb_row][\/et_pb_section]","protected":false},"excerpt":{"rendered":"<p>Kupatilske garniture izra\u0111ene od MDF-a i masivnog drveta kombinuju stil, funkcionalnost i trajnost. \u00a0MDF je kompozitni materijal napravljen od drvne pra\u0161ine i veziva. Kada se koristi u kupatilskim garniturama, MDF pru\u017ea glatke povr\u0161ine i ravne ivice. Ovaj materijal je \u010dvrst, stabilan i lako se obra\u0111uje, \u0161to omogu\u0107ava izradu razli\u010ditih dizajna i detalja. MDF se obi\u010dno [&hellip;]<\/p>","protected":false},"author":1,"featured_media":0,"parent":0,"menu_order":0,"comment_status":"closed","ping_status":"closed","template":"","meta":{"_et_pb_use_builder":"on","_et_pb_old_content":"","_et_gb_content_width":"","_monsterinsights_skip_tracking":false,"_monsterinsights_sitenote_active":false,"_monsterinsights_sitenote_note":"","_monsterinsights_sitenote_category":0,"footnotes":""},"class_list":["post-1497","page","type-page","status-publish","hentry"],"aioseo_notices":[],"_links":{"self":[{"href":"https:\/\/drvodizajn.com\/en\/wp-json\/wp\/v2\/pages\/1497","targetHints":{"allow":["GET"]}}],"collection":[{"href":"https:\/\/drvodizajn.com\/en\/wp-json\/wp\/v2\/pages"}],"about":[{"href":"https:\/\/drvodizajn.com\/en\/wp-json\/wp\/v2\/types\/page"}],"author":[{"embeddable":true,"href":"https:\/\/drvodizajn.com\/en\/wp-json\/wp\/v2\/users\/1"}],"replies":[{"embeddable":true,"href":"https:\/\/drvodizajn.com\/en\/wp-json\/wp\/v2\/comments?post=1497"}],"version-history":[{"count":1,"href":"https:\/\/drvodizajn.com\/en\/wp-json\/wp\/v2\/pages\/1497\/revisions"}],"predecessor-version":[{"id":2699,"href":"https:\/\/drvodizajn.com\/en\/wp-json\/wp\/v2\/pages\/1497\/revisions\/2699"}],"wp:attachment":[{"href":"https:\/\/drvodizajn.com\/en\/wp-json\/wp\/v2\/media?parent=1497"}],"curies":[{"name":"wp","href":"https:\/\/api.w.org\/{rel}","templated":true}]}}