{"id":1506,"date":"2023-06-05T11:02:05","date_gmt":"2023-06-05T11:02:05","guid":{"rendered":"https:\/\/drvodizajn.com\/?page_id=1506"},"modified":"2025-03-11T08:25:02","modified_gmt":"2025-03-11T08:25:02","slug":"stolovi","status":"publish","type":"page","link":"https:\/\/drvodizajn.com\/en\/stolovi\/","title":{"rendered":"Tables"},"content":{"rendered":"[et_pb_section fb_built=&#8221;1&#8221; admin_label=&#8221;Header&#8221; _builder_version=&#8221;4.20.2&#8221; _module_preset=&#8221;default&#8221; use_background_color_gradient=&#8221;on&#8221; background_color_gradient_direction=&#8221;90deg&#8221; background_color_gradient_stops=&#8221;rgba(54,159,110,0.09) 0%|rgba(255,255,255,0) 24%&#8221; custom_padding=&#8221;||0px|||&#8221; da_disable_devices=&#8221;off|off|off&#8221; global_colors_info=&#8221;{}&#8221; da_is_popup=&#8221;off&#8221; da_exit_intent=&#8221;off&#8221; da_has_close=&#8221;on&#8221; da_alt_close=&#8221;off&#8221; da_dark_close=&#8221;off&#8221; da_not_modal=&#8221;on&#8221; da_is_singular=&#8221;off&#8221; da_with_loader=&#8221;off&#8221; da_has_shadow=&#8221;on&#8221;][et_pb_row _builder_version=&#8221;4.18.0&#8221; _module_preset=&#8221;default&#8221; custom_margin=&#8221;-28px|auto||auto||&#8221; global_colors_info=&#8221;{}&#8221;][et_pb_column type=&#8221;4_4&#8221; _builder_version=&#8221;4.18.0&#8221; _module_preset=&#8221;default&#8221; global_colors_info=&#8221;{}&#8221;][et_pb_video src=&#8221;http:\/\/drvodizajn.com\/wp-content\/uploads\/2023\/06\/stolovi_1.mp4&#8221; module_class=&#8221;autoplay-video&#8221; _builder_version=&#8221;4.20.2&#8221; _module_preset=&#8221;default&#8221; global_colors_info=&#8221;{}&#8221;][\/et_pb_video][\/et_pb_column][\/et_pb_row][\/et_pb_section][et_pb_section fb_built=&#8221;1&#8221; admin_label=&#8221;Details&#8221; _builder_version=&#8221;4.18.0&#8221; _module_preset=&#8221;default&#8221; custom_padding=&#8221;0px|||||&#8221; da_disable_devices=&#8221;off|off|off&#8221; global_colors_info=&#8221;{}&#8221; da_is_popup=&#8221;off&#8221; da_exit_intent=&#8221;off&#8221; da_has_close=&#8221;on&#8221; da_alt_close=&#8221;off&#8221; da_dark_close=&#8221;off&#8221; da_not_modal=&#8221;on&#8221; da_is_singular=&#8221;off&#8221; da_with_loader=&#8221;off&#8221; da_has_shadow=&#8221;on&#8221;][et_pb_row column_structure=&#8221;1_2,1_2&#8221; _builder_version=&#8221;4.18.0&#8221; _module_preset=&#8221;default&#8221; global_colors_info=&#8221;{}&#8221;][et_pb_column type=&#8221;1_2&#8221; _builder_version=&#8221;4.18.0&#8221; _module_preset=&#8221;default&#8221; global_colors_info=&#8221;{}&#8221;][et_pb_text _builder_version=&#8221;4.20.2&#8221; _module_preset=&#8221;16a54059-cc81-4572-9c70-eda6a6c419bf&#8221; text_font=&#8221;Inria Serif|300|||||||&#8221; text_font_size=&#8221;15px&#8221; text_line_height=&#8221;1.8em&#8221; custom_margin=&#8221;|-582px||||&#8221; custom_margin_tablet=&#8221;|-582px||||&#8221; custom_margin_phone=&#8221;|0px|||false|false&#8221; custom_margin_last_edited=&#8221;on|phone&#8221; text_font_size_tablet=&#8221;15px&#8221; text_font_size_phone=&#8221;14px&#8221; text_font_size_last_edited=&#8221;on|phone&#8221; header_font_size_tablet=&#8221;55px&#8221; header_font_size_last_edited=&#8221;off|desktop&#8221; locked=&#8221;off&#8221; global_colors_info=&#8221;{}&#8221;]<div class=\"grid_6\">\n<div class=\"off2\">\n<div class=\"box_cnt__no-flow2\">\n<p>Na\u0161a firma se ponosi izradom visokokvalitetnih trepezarijskih stolova i kafi\u0107 stolova koji kombinuju funkcionalnost, stil i dugotrajnost. Svakom klijentu pristupamo sa individualnim pristupom. Razgovaramo o va\u0161im preferencijama u pogledu stila, veli\u010dine i materijala kako bismo stvorili trepezarijski ili kafe stol koji savr\u0161eno odgovara va\u0161em prostoru i estetici. <span style=\"font-size: 15px;\">Koristimo samo visokokvalitetne materijale kako bismo osigurali izdr\u017eljivost i dugotrajnost na\u0161ih stolova. Ovisno o va\u0161im preferencijama, mo\u017eemo koristiti drvo, staklo, metal ili kombinaciju materijala za stvaranje jedinstvenog izgleda. <\/span><span style=\"font-size: 15px;\">Bilo da \u017eelite klasi\u010dan, moderni ili industrijski izgled, prilago\u0111avamo dizajn kako bismo stvorili stol koji se savr\u0161eno uklapa u va\u0161 prostor i odra\u017eava va\u0161 stil. <\/span><span style=\"font-size: 15px;\">Pri izradi trepezarijskih stolova i kafe stolova posebnu pa\u017enju posve\u0107ujemo prakti\u010dnosti i udobnosti.<\/span><\/p>\n<\/div>\n<\/div>\n<\/div>[\/et_pb_text][\/et_pb_column][et_pb_column type=&#8221;1_2&#8221; _builder_version=&#8221;4.18.0&#8221; _module_preset=&#8221;default&#8221; global_colors_info=&#8221;{}&#8221;][\/et_pb_column][\/et_pb_row][et_pb_row _builder_version=&#8221;4.20.2&#8221; _module_preset=&#8221;default&#8221; global_colors_info=&#8221;{}&#8221;][et_pb_column type=&#8221;4_4&#8221; _builder_version=&#8221;4.20.2&#8221; _module_preset=&#8221;default&#8221; global_colors_info=&#8221;{}&#8221;][et_pb_gallery gallery_ids=&#8221;1809,1817,1806,1807,1805,1810,1808,1811,1813,1812,1814,1815,1816&#8221; show_title_and_caption=&#8221;off&#8221; _builder_version=&#8221;4.20.2&#8221; _module_preset=&#8221;default&#8221; global_colors_info=&#8221;{}&#8221;][\/et_pb_gallery][\/et_pb_column][\/et_pb_row][et_pb_row _builder_version=&#8221;4.20.2&#8221; _module_preset=&#8221;default&#8221; custom_margin=&#8221;-12px|auto||auto||&#8221; global_colors_info=&#8221;{}&#8221;][et_pb_column type=&#8221;4_4&#8221; _builder_version=&#8221;4.20.2&#8221; _module_preset=&#8221;default&#8221; global_colors_info=&#8221;{}&#8221;][et_pb_button button_url=&#8221;@ET-DC@eyJkeW5hbWljIjp0cnVlLCJjb250ZW50IjoicG9zdF9saW5rX3VybF9wYWdlIiwic2V0dGluZ3MiOnsicG9zdF9pZCI6IjU1MyJ9fQ==@&#8221; button_text=&#8221;Po\u0161alji upit&#8221; _builder_version=&#8221;4.20.2&#8221; _dynamic_attributes=&#8221;button_url&#8221; _module_preset=&#8221;fd4cbe8d-44bb-4497-977d-4a9151abc25c&#8221; custom_button=&#8221;on&#8221; button_text_size=&#8221;14px&#8221; button_text_color=&#8221;#000000&#8221; button_bg_color=&#8221;#FFFFFF&#8221; button_border_width=&#8221;1px&#8221; button_border_color=&#8221;#2a8655&#8221; button_border_radius=&#8221;7px&#8221; button_letter_spacing=&#8221;2px&#8221; button_font=&#8221;Rubik|300||on|||||&#8221; custom_padding=&#8221;16px|24px|16px|24px|true|true&#8221; custom_padding_tablet=&#8221;16px|28px|16px|28px|true|true&#8221; custom_padding_phone=&#8221;14px|20px|14px|20px|true|true&#8221; custom_padding_last_edited=&#8221;off|desktop&#8221; button_text_size_tablet=&#8221;15px&#8221; button_text_size_phone=&#8221;14px&#8221; button_text_size_last_edited=&#8221;off|desktop&#8221; locked=&#8221;off&#8221; global_colors_info=&#8221;{}&#8221; button_bg_color__hover=&#8221;#2a8655&#8221; button_bg_color__hover_enabled=&#8221;on|hover&#8221; button_text_color__hover=&#8221;#FFFFFF&#8221; button_text_color__hover_enabled=&#8221;on|hover&#8221; button_text__hover_enabled=&#8221;on|hover&#8221; button_bg_enable_color__hover=&#8221;on&#8221; button_text__hover=&#8221;Po\u0161alji upit&#8221;][\/et_pb_button][\/et_pb_column][\/et_pb_row][\/et_pb_section]","protected":false},"excerpt":{"rendered":"<p>Na\u0161a firma se ponosi izradom visokokvalitetnih trepezarijskih stolova i kafi\u0107 stolova koji kombinuju funkcionalnost, stil i dugotrajnost. Svakom klijentu pristupamo sa individualnim pristupom. Razgovaramo o va\u0161im preferencijama u pogledu stila, veli\u010dine i materijala kako bismo stvorili trepezarijski ili kafe stol koji savr\u0161eno odgovara va\u0161em prostoru i estetici. Koristimo samo visokokvalitetne materijale kako bismo osigurali izdr\u017eljivost [&hellip;]<\/p>","protected":false},"author":1,"featured_media":0,"parent":0,"menu_order":0,"comment_status":"closed","ping_status":"closed","template":"","meta":{"_et_pb_use_builder":"on","_et_pb_old_content":"","_et_gb_content_width":"","_monsterinsights_skip_tracking":false,"_monsterinsights_sitenote_active":false,"_monsterinsights_sitenote_note":"","_monsterinsights_sitenote_category":0,"footnotes":""},"class_list":["post-1506","page","type-page","status-publish","hentry"],"aioseo_notices":[],"_links":{"self":[{"href":"https:\/\/drvodizajn.com\/en\/wp-json\/wp\/v2\/pages\/1506","targetHints":{"allow":["GET"]}}],"collection":[{"href":"https:\/\/drvodizajn.com\/en\/wp-json\/wp\/v2\/pages"}],"about":[{"href":"https:\/\/drvodizajn.com\/en\/wp-json\/wp\/v2\/types\/page"}],"author":[{"embeddable":true,"href":"https:\/\/drvodizajn.com\/en\/wp-json\/wp\/v2\/users\/1"}],"replies":[{"embeddable":true,"href":"https:\/\/drvodizajn.com\/en\/wp-json\/wp\/v2\/comments?post=1506"}],"version-history":[{"count":1,"href":"https:\/\/drvodizajn.com\/en\/wp-json\/wp\/v2\/pages\/1506\/revisions"}],"predecessor-version":[{"id":2700,"href":"https:\/\/drvodizajn.com\/en\/wp-json\/wp\/v2\/pages\/1506\/revisions\/2700"}],"wp:attachment":[{"href":"https:\/\/drvodizajn.com\/en\/wp-json\/wp\/v2\/media?parent=1506"}],"curies":[{"name":"wp","href":"https:\/\/api.w.org\/{rel}","templated":true}]}}