{"id":356,"date":"2023-04-27T07:58:45","date_gmt":"2023-04-27T07:58:45","guid":{"rendered":"https:\/\/drvodizajn.com\/?page_id=356"},"modified":"2025-03-11T08:21:24","modified_gmt":"2025-03-11T08:21:24","slug":"o-nama","status":"publish","type":"page","link":"https:\/\/drvodizajn.com\/en\/o-nama\/","title":{"rendered":"About us"},"content":{"rendered":"[et_pb_section fb_built=&#8221;1&#8221; _builder_version=&#8221;4.20.2&#8221; _module_preset=&#8221;default&#8221; use_background_color_gradient=&#8221;on&#8221; background_color_gradient_direction=&#8221;90deg&#8221; background_color_gradient_stops=&#8221;rgba(42,134,85,0.04) 0%|rgba(255,255,255,0) 58%&#8221; custom_margin=&#8221;||-9px|||&#8221; custom_padding=&#8221;||2px|||&#8221; da_disable_devices=&#8221;off|off|off&#8221; global_colors_info=&#8221;{}&#8221; da_is_popup=&#8221;off&#8221; da_exit_intent=&#8221;off&#8221; da_has_close=&#8221;on&#8221; da_alt_close=&#8221;off&#8221; da_dark_close=&#8221;off&#8221; da_not_modal=&#8221;on&#8221; da_is_singular=&#8221;off&#8221; da_with_loader=&#8221;off&#8221; da_has_shadow=&#8221;on&#8221;][\/et_pb_section][et_pb_section fb_built=&#8221;1&#8221; admin_label=&#8221;About&#8221; _builder_version=&#8221;4.20.2&#8221; _module_preset=&#8221;default&#8221; use_background_color_gradient=&#8221;on&#8221; background_color_gradient_direction=&#8221;90deg&#8221; background_color_gradient_stops=&#8221;rgba(42,134,85,0.05) 0%|rgba(255,255,255,0) 42%&#8221; min_height=&#8221;1363.8px&#8221; overflow-x=&#8221;hidden&#8221; overflow-y=&#8221;hidden&#8221; custom_padding=&#8221;0px||0px|||&#8221; da_disable_devices=&#8221;off|off|off&#8221; global_colors_info=&#8221;{}&#8221; da_is_popup=&#8221;off&#8221; da_exit_intent=&#8221;off&#8221; da_has_close=&#8221;on&#8221; da_alt_close=&#8221;off&#8221; da_dark_close=&#8221;off&#8221; da_not_modal=&#8221;on&#8221; da_is_singular=&#8221;off&#8221; da_with_loader=&#8221;off&#8221; da_has_shadow=&#8221;on&#8221;][et_pb_row column_structure=&#8221;1_2,1_2&#8221; _builder_version=&#8221;4.18.0&#8221; _module_preset=&#8221;default&#8221; min_height=&#8221;1263.8px&#8221; custom_margin=&#8221;|auto|-654px|auto||&#8221; custom_padding=&#8221;0px||0px|||&#8221; locked=&#8221;off&#8221; global_colors_info=&#8221;{}&#8221;][et_pb_column type=&#8221;1_2&#8221; _builder_version=&#8221;4.18.0&#8221; _module_preset=&#8221;default&#8221; z_index=&#8221;10&#8221; global_colors_info=&#8221;{}&#8221;][et_pb_text _builder_version=&#8221;4.20.2&#8221; _module_preset=&#8221;default&#8221; text_font=&#8221;Inria Serif|700|||||||&#8221; text_text_color=&#8221;#000000&#8221; text_font_size=&#8221;70px&#8221; text_line_height=&#8221;1.1em&#8221; custom_margin=&#8221;77px|-317px||||&#8221; custom_margin_tablet=&#8221;77px|-317px||||&#8221; custom_margin_phone=&#8221;77px|auto|||false|false&#8221; custom_margin_last_edited=&#8221;on|phone&#8221; text_font_size_tablet=&#8221;60px&#8221; text_font_size_phone=&#8221;43px&#8221; text_font_size_last_edited=&#8221;on|phone&#8221; global_colors_info=&#8221;{}&#8221;]<p>Drvo dizajn d.o.o. &#8211; Od\u017eak<\/p>[\/et_pb_text][et_pb_image src=&#8221;http:\/\/drvodizajn.com\/wp-content\/uploads\/2023\/06\/o-nama1.png&#8221; _builder_version=&#8221;4.20.2&#8221; _module_preset=&#8221;default&#8221; background_color=&#8221;#372E2B&#8221; custom_margin=&#8221;88px||18px||false|false&#8221; custom_padding=&#8221;|15.9%|||false|false&#8221; animation_repeat=&#8221;once&#8221; locked=&#8221;off&#8221; global_colors_info=&#8221;{}&#8221;][\/et_pb_image][\/et_pb_column][et_pb_column type=&#8221;1_2&#8221; _builder_version=&#8221;4.18.0&#8221; _module_preset=&#8221;default&#8221; global_colors_info=&#8221;{}&#8221;][et_pb_image src=&#8221;http:\/\/drvodizajn.com\/wp-content\/uploads\/2023\/06\/o-nama2.png&#8221; align_tablet=&#8221;&#8221; align_phone=&#8221;center&#8221; align_last_edited=&#8221;on|phone&#8221; _builder_version=&#8221;4.20.2&#8221; _module_preset=&#8221;default&#8221; custom_margin=&#8221;|-59px||-159px||&#8221; custom_margin_tablet=&#8221;|-59px||-159px||&#8221; custom_margin_phone=&#8221;|0px||0px|false|false&#8221; custom_margin_last_edited=&#8221;on|phone&#8221; custom_padding=&#8221;||0vh||false|false&#8221; animation_repeat=&#8221;once&#8221; global_colors_info=&#8221;{}&#8221;][\/et_pb_image][\/et_pb_column][\/et_pb_row][\/et_pb_section][et_pb_section fb_built=&#8221;1&#8221; admin_label=&#8221;About&#8221; _builder_version=&#8221;4.20.2&#8221; _module_preset=&#8221;default&#8221; min_height=&#8221;491.6px&#8221; custom_margin=&#8221;-47px|||||&#8221; custom_margin_tablet=&#8221;26px|||||&#8221; custom_margin_phone=&#8221;||||false|false&#8221; custom_margin_last_edited=&#8221;on|phone&#8221; custom_padding=&#8221;0px||0px|||&#8221; da_disable_devices=&#8221;off|off|off&#8221; locked=&#8221;off&#8221; global_colors_info=&#8221;{}&#8221; da_is_popup=&#8221;off&#8221; da_exit_intent=&#8221;off&#8221; da_has_close=&#8221;on&#8221; da_alt_close=&#8221;off&#8221; da_dark_close=&#8221;off&#8221; da_not_modal=&#8221;on&#8221; da_is_singular=&#8221;off&#8221; da_with_loader=&#8221;off&#8221; da_has_shadow=&#8221;on&#8221;][et_pb_row column_structure=&#8221;1_2,1_2&#8221; _builder_version=&#8221;4.18.0&#8221; _module_preset=&#8221;default&#8221; min_height=&#8221;312.5px&#8221; custom_margin=&#8221;-273px|auto||auto||&#8221; global_colors_info=&#8221;{}&#8221;][et_pb_column type=&#8221;1_2&#8221; _builder_version=&#8221;4.18.0&#8221; _module_preset=&#8221;default&#8221; global_colors_info=&#8221;{}&#8221;][et_pb_text _builder_version=&#8221;4.20.2&#8221; _module_preset=&#8221;16a54059-cc81-4572-9c70-eda6a6c419bf&#8221; text_font=&#8221;Inria Serif|300|||||||&#8221; text_line_height=&#8221;1.8em&#8221; text_font_size_tablet=&#8221;15px&#8221; text_font_size_phone=&#8221;14px&#8221; text_font_size_last_edited=&#8221;on|phone&#8221; header_font_size_tablet=&#8221;55px&#8221; header_font_size_last_edited=&#8221;off|desktop&#8221; locked=&#8221;off&#8221; global_colors_info=&#8221;{}&#8221;]<p class=\"mod1\"><span>Drvo dizajn d.o.o. je obiteljska firma osnovana 1997g. u Od\u017eaku, od direktora i vlasnika Osmana Had\u017eiefendi\u0107a, kao mala stolarska radionica koja se bavi izradom\u00a0 namje\u0161taja. <\/span><span>Firma je poznata po svojoj stru\u010dnosti u radu s drvetom i pru\u017eanju visokokvalitetnih proizvoda i usluga svojim klijentima. Drvo Dizajn nudi \u0161irok spektar proizvoda. <br \/>Namje\u0161taj od masive i plo\u010dastih materijala, unutra\u0161nja stolarija, stepenice i druge drvni elementi za ure\u0111enje prostora samo su dio na\u0161e ponude.<\/span><\/p>\n<p class=\"mod1\"><\/p>\n<p>&nbsp;<\/p>[\/et_pb_text][\/et_pb_column][et_pb_column type=&#8221;1_2&#8221; _builder_version=&#8221;4.18.0&#8221; _module_preset=&#8221;default&#8221; global_colors_info=&#8221;{}&#8221;][et_pb_text _builder_version=&#8221;4.20.2&#8221; _module_preset=&#8221;16a54059-cc81-4572-9c70-eda6a6c419bf&#8221; text_font=&#8221;Inria Serif|300|||||||&#8221; text_line_height=&#8221;1.8em&#8221; text_font_size_tablet=&#8221;15px&#8221; text_font_size_phone=&#8221;14px&#8221; text_font_size_last_edited=&#8221;on|phone&#8221; header_font_size_tablet=&#8221;55px&#8221; header_font_size_last_edited=&#8221;off|desktop&#8221; locked=&#8221;off&#8221; global_colors_info=&#8221;{}&#8221;]<p class=\"mod1\">Svaki na\u0161 proizvod te\u017eimo dovesti do perfekcije, pa\u017eljivo odabrani materijali, iskustvo i spoj moderne i tradicionalne obrade drveta jam\u010di kvalitet i trajnost na\u0161ih proizvoda.<br \/>Izradom atraktivnog, modernog i funkcionalnog namje\u0161taja stvorili smo svoj prepoznatljiv brend, koji osigurava osobnost svakog proizvoda.<\/p>[\/et_pb_text][\/et_pb_column][\/et_pb_row][\/et_pb_section][et_pb_section fb_built=&#8221;1&#8221; _builder_version=&#8221;4.20.2&#8221; _module_preset=&#8221;default&#8221; custom_padding=&#8221;0px||0px|||&#8221; da_disable_devices=&#8221;off|off|off&#8221; global_colors_info=&#8221;{}&#8221; da_is_popup=&#8221;off&#8221; da_exit_intent=&#8221;off&#8221; da_has_close=&#8221;on&#8221; da_alt_close=&#8221;off&#8221; da_dark_close=&#8221;off&#8221; da_not_modal=&#8221;on&#8221; da_is_singular=&#8221;off&#8221; da_with_loader=&#8221;off&#8221; da_has_shadow=&#8221;on&#8221;][et_pb_row _builder_version=&#8221;4.20.2&#8221; _module_preset=&#8221;default&#8221; global_colors_info=&#8221;{}&#8221;][et_pb_column type=&#8221;4_4&#8221; _builder_version=&#8221;4.20.2&#8221; _module_preset=&#8221;default&#8221; global_colors_info=&#8221;{}&#8221;][et_pb_text _builder_version=&#8221;4.20.2&#8221; _module_preset=&#8221;default&#8221; text_font=&#8221;Inria Serif|700|||||||&#8221; text_text_color=&#8221;#000000&#8221; text_font_size=&#8221;30px&#8221; text_orientation=&#8221;center&#8221; custom_margin=&#8221;-66px|||||&#8221; custom_margin_tablet=&#8221;-159px|||||&#8221; custom_margin_phone=&#8221;-2px||||false|false&#8221; custom_margin_last_edited=&#8221;on|phone&#8221; global_colors_info=&#8221;{}&#8221;]<p>Na\u0161i partneri<\/p>[\/et_pb_text][\/et_pb_column][\/et_pb_row][\/et_pb_section][et_pb_section fb_built=&#8221;1&#8221; _builder_version=&#8221;4.20.2&#8221; _module_preset=&#8221;default&#8221; custom_padding=&#8221;||6px|||&#8221; da_disable_devices=&#8221;off|off|off&#8221; global_colors_info=&#8221;{}&#8221; da_is_popup=&#8221;off&#8221; da_exit_intent=&#8221;off&#8221; da_has_close=&#8221;on&#8221; da_alt_close=&#8221;off&#8221; da_dark_close=&#8221;off&#8221; da_not_modal=&#8221;on&#8221; da_is_singular=&#8221;off&#8221; da_with_loader=&#8221;off&#8221; da_has_shadow=&#8221;on&#8221;][et_pb_row column_structure=&#8221;1_4,1_4,1_4,1_4&#8221; _builder_version=&#8221;4.20.2&#8221; _module_preset=&#8221;default&#8221; custom_margin=&#8221;-139px|auto||auto||&#8221; custom_padding=&#8221;1px|||||&#8221; global_colors_info=&#8221;{}&#8221;][et_pb_column type=&#8221;1_4&#8221; _builder_version=&#8221;4.20.2&#8221; _module_preset=&#8221;default&#8221; global_colors_info=&#8221;{}&#8221;][et_pb_image src=&#8221;http:\/\/drvodizajn.com\/wp-content\/uploads\/2023\/04\/partneri_1-2.jpg&#8221; align_tablet=&#8221;&#8221; align_phone=&#8221;center&#8221; align_last_edited=&#8221;on|phone&#8221; _builder_version=&#8221;4.20.2&#8221; _module_preset=&#8221;default&#8221; width=&#8221;74%&#8221; custom_padding=&#8221;||0vh||false|false&#8221; animation_repeat=&#8221;once&#8221; global_colors_info=&#8221;{}&#8221;][\/et_pb_image][\/et_pb_column][et_pb_column type=&#8221;1_4&#8221; _builder_version=&#8221;4.20.2&#8221; _module_preset=&#8221;default&#8221; global_colors_info=&#8221;{}&#8221;][et_pb_image src=&#8221;http:\/\/drvodizajn.com\/wp-content\/uploads\/2023\/04\/partneri_2-2.jpg&#8221; align_tablet=&#8221;&#8221; align_phone=&#8221;center&#8221; align_last_edited=&#8221;on|phone&#8221; _builder_version=&#8221;4.20.2&#8221; _module_preset=&#8221;default&#8221; width=&#8221;74%&#8221; custom_padding=&#8221;||0vh||false|false&#8221; animation_repeat=&#8221;once&#8221; global_colors_info=&#8221;{}&#8221;][\/et_pb_image][\/et_pb_column][et_pb_column type=&#8221;1_4&#8221; _builder_version=&#8221;4.20.2&#8221; _module_preset=&#8221;default&#8221; global_colors_info=&#8221;{}&#8221;][et_pb_image src=&#8221;http:\/\/drvodizajn.com\/wp-content\/uploads\/2023\/04\/partneri_3-2.jpg&#8221; align_tablet=&#8221;&#8221; align_phone=&#8221;center&#8221; align_last_edited=&#8221;on|phone&#8221; _builder_version=&#8221;4.20.2&#8221; _module_preset=&#8221;default&#8221; width=&#8221;74%&#8221; custom_padding=&#8221;||0vh||false|false&#8221; animation_repeat=&#8221;once&#8221; global_colors_info=&#8221;{}&#8221;][\/et_pb_image][\/et_pb_column][et_pb_column type=&#8221;1_4&#8221; _builder_version=&#8221;4.20.2&#8221; _module_preset=&#8221;default&#8221; global_colors_info=&#8221;{}&#8221;][et_pb_image src=&#8221;http:\/\/drvodizajn.com\/wp-content\/uploads\/2023\/04\/partneri_4-2.jpg&#8221; align_tablet=&#8221;&#8221; align_phone=&#8221;center&#8221; align_last_edited=&#8221;on|phone&#8221; _builder_version=&#8221;4.20.2&#8221; _module_preset=&#8221;default&#8221; width=&#8221;74%&#8221; custom_margin=&#8221;||-859px|||&#8221; custom_padding=&#8221;||0vh||false|false&#8221; animation_repeat=&#8221;once&#8221; global_colors_info=&#8221;{}&#8221;][\/et_pb_image][\/et_pb_column][\/et_pb_row][et_pb_row column_structure=&#8221;1_4,1_4,1_4,1_4&#8221; _builder_version=&#8221;4.20.2&#8221; _module_preset=&#8221;default&#8221; custom_margin=&#8221;-34px|auto||auto||&#8221; custom_margin_tablet=&#8221;&#8221; custom_margin_phone=&#8221;95px||||false|false&#8221; custom_margin_last_edited=&#8221;on|phone&#8221; custom_padding=&#8221;||18px|||&#8221; global_colors_info=&#8221;{}&#8221;][et_pb_column type=&#8221;1_4&#8221; _builder_version=&#8221;4.20.2&#8221; _module_preset=&#8221;default&#8221; global_colors_info=&#8221;{}&#8221;][et_pb_image src=&#8221;http:\/\/drvodizajn.com\/wp-content\/uploads\/2023\/04\/partneri_5-2.jpg&#8221; align_tablet=&#8221;&#8221; align_phone=&#8221;center&#8221; align_last_edited=&#8221;on|phone&#8221; _builder_version=&#8221;4.20.2&#8221; _module_preset=&#8221;default&#8221; width=&#8221;74%&#8221; custom_padding=&#8221;||0vh||false|false&#8221; animation_repeat=&#8221;once&#8221; global_colors_info=&#8221;{}&#8221;][\/et_pb_image][\/et_pb_column][et_pb_column type=&#8221;1_4&#8221; _builder_version=&#8221;4.20.2&#8221; _module_preset=&#8221;default&#8221; global_colors_info=&#8221;{}&#8221;][et_pb_image src=&#8221;http:\/\/drvodizajn.com\/wp-content\/uploads\/2023\/04\/partneri_6-2.jpg&#8221; align_tablet=&#8221;&#8221; align_phone=&#8221;center&#8221; align_last_edited=&#8221;on|phone&#8221; _builder_version=&#8221;4.20.2&#8221; _module_preset=&#8221;default&#8221; width=&#8221;74%&#8221; custom_margin=&#8221;||-276px|||&#8221; custom_margin_tablet=&#8221;||-266px|||&#8221; custom_margin_phone=&#8221;-72px||-266px||false|false&#8221; custom_margin_last_edited=&#8221;on|phone&#8221; custom_padding=&#8221;||16vh||false|false&#8221; animation_repeat=&#8221;once&#8221; global_colors_info=&#8221;{}&#8221;][\/et_pb_image][\/et_pb_column][et_pb_column type=&#8221;1_4&#8221; _builder_version=&#8221;4.20.2&#8221; _module_preset=&#8221;default&#8221; global_colors_info=&#8221;{}&#8221;][et_pb_image src=&#8221;http:\/\/drvodizajn.com\/wp-content\/uploads\/2023\/04\/partneri_7-2.jpg&#8221; align_tablet=&#8221;&#8221; align_phone=&#8221;center&#8221; align_last_edited=&#8221;on|phone&#8221; _builder_version=&#8221;4.20.2&#8221; _module_preset=&#8221;default&#8221; custom_padding=&#8221;|19px|0vh||false|false&#8221; custom_padding_tablet=&#8221;|19px|20vh||false|false&#8221; custom_padding_phone=&#8221;|19px|0vh||false|false&#8221; custom_padding_last_edited=&#8221;on|phone&#8221; animation_repeat=&#8221;once&#8221; global_colors_info=&#8221;{}&#8221;][\/et_pb_image][\/et_pb_column][et_pb_column type=&#8221;1_4&#8221; _builder_version=&#8221;4.20.2&#8221; _module_preset=&#8221;default&#8221; global_colors_info=&#8221;{}&#8221;][et_pb_image src=&#8221;http:\/\/drvodizajn.com\/wp-content\/uploads\/2023\/04\/partneri_8-1.jpg&#8221; align_tablet=&#8221;&#8221; align_phone=&#8221;center&#8221; align_last_edited=&#8221;on|phone&#8221; _builder_version=&#8221;4.20.2&#8221; _module_preset=&#8221;default&#8221; width=&#8221;74%&#8221; custom_margin_tablet=&#8221;&#8221; custom_margin_phone=&#8221;-51px||||false|false&#8221; custom_margin_last_edited=&#8221;on|phone&#8221; custom_padding=&#8221;||0vh||false|false&#8221; custom_padding_tablet=&#8221;&#8221; custom_padding_phone=&#8221;||0vh||false|false&#8221; custom_padding_last_edited=&#8221;on|phone&#8221; animation_repeat=&#8221;once&#8221; global_colors_info=&#8221;{}&#8221;][\/et_pb_image][\/et_pb_column][\/et_pb_row][et_pb_row column_structure=&#8221;1_4,1_4,1_4,1_4&#8221; _builder_version=&#8221;4.20.2&#8221; _module_preset=&#8221;default&#8221; custom_margin_tablet=&#8221;&#8221; custom_margin_phone=&#8221;95px||||false|false&#8221; custom_margin_last_edited=&#8221;on|phone&#8221; custom_padding=&#8221;||3px|||&#8221; global_colors_info=&#8221;{}&#8221;][et_pb_column type=&#8221;1_4&#8221; _builder_version=&#8221;4.20.2&#8221; _module_preset=&#8221;default&#8221; global_colors_info=&#8221;{}&#8221;][et_pb_image src=&#8221;http:\/\/drvodizajn.com\/wp-content\/uploads\/2023\/06\/elgrad_logo.jpg&#8221; align_tablet=&#8221;&#8221; align_phone=&#8221;center&#8221; align_last_edited=&#8221;on|phone&#8221; _builder_version=&#8221;4.20.2&#8221; _module_preset=&#8221;default&#8221; width=&#8221;74%&#8221; custom_padding=&#8221;||0vh||false|false&#8221; animation_repeat=&#8221;once&#8221; global_colors_info=&#8221;{}&#8221;][\/et_pb_image][\/et_pb_column][et_pb_column type=&#8221;1_4&#8221; _builder_version=&#8221;4.20.2&#8221; _module_preset=&#8221;default&#8221; global_colors_info=&#8221;{}&#8221;][et_pb_image src=&#8221;http:\/\/drvodizajn.com\/wp-content\/uploads\/2023\/06\/logo-europrofil.png&#8221; _builder_version=&#8221;4.20.2&#8221; _module_preset=&#8221;default&#8221; custom_padding=&#8221;||0vh||false|false&#8221; animation_repeat=&#8221;once&#8221; global_colors_info=&#8221;{}&#8221;][\/et_pb_image][\/et_pb_column][et_pb_column type=&#8221;1_4&#8221; _builder_version=&#8221;4.20.2&#8221; _module_preset=&#8221;default&#8221; global_colors_info=&#8221;{}&#8221;][et_pb_image src=&#8221;http:\/\/drvodizajn.com\/wp-content\/uploads\/2023\/06\/logo-color.png&#8221; align_tablet=&#8221;&#8221; align_phone=&#8221;center&#8221; align_last_edited=&#8221;on|phone&#8221; _builder_version=&#8221;4.20.2&#8221; _module_preset=&#8221;default&#8221; custom_padding=&#8221;|19px|0vh||false|false&#8221; custom_padding_tablet=&#8221;|19px|20vh||false|false&#8221; custom_padding_phone=&#8221;|19px|0vh||false|false&#8221; custom_padding_last_edited=&#8221;on|phone&#8221; animation_repeat=&#8221;once&#8221; global_colors_info=&#8221;{}&#8221;][\/et_pb_image][\/et_pb_column][et_pb_column type=&#8221;1_4&#8221; _builder_version=&#8221;4.20.2&#8221; _module_preset=&#8221;default&#8221; global_colors_info=&#8221;{}&#8221;][et_pb_image src=&#8221;http:\/\/drvodizajn.com\/wp-content\/uploads\/2023\/06\/logo.png&#8221; _builder_version=&#8221;4.20.2&#8221; _module_preset=&#8221;default&#8221; custom_padding=&#8221;||0vh||false|false&#8221; animation_repeat=&#8221;once&#8221; global_colors_info=&#8221;{}&#8221;][\/et_pb_image][\/et_pb_column][\/et_pb_row][et_pb_row column_structure=&#8221;1_4,1_4,1_4,1_4&#8221; _builder_version=&#8221;4.20.2&#8221; _module_preset=&#8221;default&#8221; custom_margin=&#8221;64px|auto||auto||&#8221; custom_margin_tablet=&#8221;&#8221; custom_margin_phone=&#8221;auto||||false|false&#8221; custom_margin_last_edited=&#8221;on|phone&#8221; custom_padding=&#8221;||0px|||&#8221; global_colors_info=&#8221;{}&#8221;][et_pb_column type=&#8221;1_4&#8221; _builder_version=&#8221;4.20.2&#8221; _module_preset=&#8221;default&#8221; global_colors_info=&#8221;{}&#8221;][et_pb_image src=&#8221;http:\/\/drvodizajn.com\/wp-content\/uploads\/2023\/06\/1-8.png&#8221; align_tablet=&#8221;&#8221; align_phone=&#8221;center&#8221; align_last_edited=&#8221;on|phone&#8221; _builder_version=&#8221;4.20.2&#8221; _module_preset=&#8221;default&#8221; width=&#8221;74%&#8221; custom_padding=&#8221;||0vh||false|false&#8221; animation_repeat=&#8221;once&#8221; global_colors_info=&#8221;{}&#8221;][\/et_pb_image][\/et_pb_column][et_pb_column type=&#8221;1_4&#8221; _builder_version=&#8221;4.20.2&#8221; _module_preset=&#8221;default&#8221; global_colors_info=&#8221;{}&#8221;][et_pb_image src=&#8221;http:\/\/drvodizajn.com\/wp-content\/uploads\/2023\/06\/2-9.png&#8221; align_tablet=&#8221;&#8221; align_phone=&#8221;center&#8221; align_last_edited=&#8221;on|phone&#8221; _builder_version=&#8221;4.20.2&#8221; _module_preset=&#8221;default&#8221; custom_padding=&#8221;||0vh||false|false&#8221; custom_padding_tablet=&#8221;20vh||20vh||false|false&#8221; custom_padding_phone=&#8221;0vh||0vh||false|false&#8221; custom_padding_last_edited=&#8221;on|phone&#8221; animation_repeat=&#8221;once&#8221; global_colors_info=&#8221;{}&#8221;][\/et_pb_image][\/et_pb_column][et_pb_column type=&#8221;1_4&#8221; _builder_version=&#8221;4.20.2&#8221; _module_preset=&#8221;default&#8221; global_colors_info=&#8221;{}&#8221;][et_pb_image src=&#8221;http:\/\/drvodizajn.com\/wp-content\/uploads\/2023\/06\/3-9.png&#8221; align_tablet=&#8221;&#8221; align_phone=&#8221;center&#8221; align_last_edited=&#8221;on|phone&#8221; _builder_version=&#8221;4.20.2&#8221; _module_preset=&#8221;default&#8221; custom_padding=&#8221;|19px|0vh||false|false&#8221; custom_padding_tablet=&#8221;|19px|20vh||false|false&#8221; custom_padding_phone=&#8221;|19px|0vh||false|false&#8221; custom_padding_last_edited=&#8221;on|phone&#8221; animation_repeat=&#8221;once&#8221; global_colors_info=&#8221;{}&#8221;][\/et_pb_image][\/et_pb_column][et_pb_column type=&#8221;1_4&#8221; _builder_version=&#8221;4.20.2&#8221; _module_preset=&#8221;default&#8221; global_colors_info=&#8221;{}&#8221;][et_pb_image src=&#8221;http:\/\/drvodizajn.com\/wp-content\/uploads\/2023\/06\/4-9.png&#8221; align_tablet=&#8221;&#8221; align_phone=&#8221;center&#8221; align_last_edited=&#8221;on|phone&#8221; _builder_version=&#8221;4.20.2&#8221; _module_preset=&#8221;default&#8221; custom_padding_tablet=&#8221;&#8221; custom_padding_phone=&#8221;||0vh||false|false&#8221; custom_padding_last_edited=&#8221;on|phone&#8221; animation_repeat=&#8221;once&#8221; global_colors_info=&#8221;{}&#8221;][\/et_pb_image][\/et_pb_column][\/et_pb_row][\/et_pb_section]","protected":false},"excerpt":{"rendered":"<p>Drvo dizajn d.o.o. &#8211; Od\u017eakDrvo dizajn d.o.o. je obiteljska firma osnovana 1997g. u Od\u017eaku, od direktora i vlasnika Osmana Had\u017eiefendi\u0107a, kao mala stolarska radionica koja se bavi izradom\u00a0 namje\u0161taja. Firma je poznata po svojoj stru\u010dnosti u radu s drvetom i pru\u017eanju visokokvalitetnih proizvoda i usluga svojim klijentima. Drvo Dizajn nudi \u0161irok spektar proizvoda. Namje\u0161taj od [&hellip;]<\/p>","protected":false},"author":1,"featured_media":0,"parent":0,"menu_order":0,"comment_status":"closed","ping_status":"closed","template":"","meta":{"_et_pb_use_builder":"on","_et_pb_old_content":"","_et_gb_content_width":"","_monsterinsights_skip_tracking":false,"_monsterinsights_sitenote_active":false,"_monsterinsights_sitenote_note":"","_monsterinsights_sitenote_category":0,"footnotes":""},"class_list":["post-356","page","type-page","status-publish","hentry"],"aioseo_notices":[],"_links":{"self":[{"href":"https:\/\/drvodizajn.com\/en\/wp-json\/wp\/v2\/pages\/356","targetHints":{"allow":["GET"]}}],"collection":[{"href":"https:\/\/drvodizajn.com\/en\/wp-json\/wp\/v2\/pages"}],"about":[{"href":"https:\/\/drvodizajn.com\/en\/wp-json\/wp\/v2\/types\/page"}],"author":[{"embeddable":true,"href":"https:\/\/drvodizajn.com\/en\/wp-json\/wp\/v2\/users\/1"}],"replies":[{"embeddable":true,"href":"https:\/\/drvodizajn.com\/en\/wp-json\/wp\/v2\/comments?post=356"}],"version-history":[{"count":1,"href":"https:\/\/drvodizajn.com\/en\/wp-json\/wp\/v2\/pages\/356\/revisions"}],"predecessor-version":[{"id":2695,"href":"https:\/\/drvodizajn.com\/en\/wp-json\/wp\/v2\/pages\/356\/revisions\/2695"}],"wp:attachment":[{"href":"https:\/\/drvodizajn.com\/en\/wp-json\/wp\/v2\/media?parent=356"}],"curies":[{"name":"wp","href":"https:\/\/api.w.org\/{rel}","templated":true}]}}