{"id":859,"date":"2023-05-15T06:05:55","date_gmt":"2023-05-15T06:05:55","guid":{"rendered":"https:\/\/drvodizajn.com\/?page_id=859"},"modified":"2023-07-03T08:09:09","modified_gmt":"2023-07-03T08:09:09","slug":"plocasti-materijali-2","status":"publish","type":"page","link":"https:\/\/drvodizajn.com\/en\/plocasti-materijali-2\/","title":{"rendered":"Plo\u010dasti materijali"},"content":{"rendered":"<p>[et_pb_section fb_built=&#8221;1&#8221; _builder_version=&#8221;4.20.2&#8221; _module_preset=&#8221;default&#8221; use_background_color_gradient=&#8221;on&#8221; background_color_gradient_direction=&#8221;90deg&#8221; background_color_gradient_stops=&#8221;rgba(42,134,85,0.04) 0%|rgba(255,255,255,0) 58%&#8221; background_image=&#8221;http:\/\/drvodizajn.com\/wp-content\/uploads\/2023\/06\/plocasti-materijali-header.jpg&#8221; height=&#8221;343px&#8221; max_height=&#8221;906px&#8221; custom_margin=&#8221;||-9px|||&#8221; custom_padding=&#8221;||513px|||&#8221; da_disable_devices=&#8221;off|off|off&#8221; global_colors_info=&#8221;{}&#8221; da_is_popup=&#8221;off&#8221; da_exit_intent=&#8221;off&#8221; da_has_close=&#8221;on&#8221; da_alt_close=&#8221;off&#8221; da_dark_close=&#8221;off&#8221; da_not_modal=&#8221;on&#8221; da_is_singular=&#8221;off&#8221; da_with_loader=&#8221;off&#8221; da_has_shadow=&#8221;on&#8221;][et_pb_row column_structure=&#8221;1_2,1_2&#8221; _builder_version=&#8221;4.20.2&#8221; _module_preset=&#8221;default&#8221; global_colors_info=&#8221;{}&#8221;][et_pb_column type=&#8221;1_2&#8221; _builder_version=&#8221;4.20.2&#8221; _module_preset=&#8221;default&#8221; global_colors_info=&#8221;{}&#8221;][et_pb_text _builder_version=&#8221;4.20.2&#8221; _module_preset=&#8221;default&#8221; text_font=&#8221;Rubik|700|||||||&#8221; text_text_color=&#8221;#000000&#8221; text_font_size=&#8221;60px&#8221; text_line_height=&#8221;1em&#8221; global_colors_info=&#8221;{}&#8221;]<\/p>\n<p>Plo\u010dasti materijali<\/p>\n<p>[\/et_pb_text][\/et_pb_column][et_pb_column type=&#8221;1_2&#8221; _builder_version=&#8221;4.20.2&#8221; _module_preset=&#8221;default&#8221; global_colors_info=&#8221;{}&#8221;][\/et_pb_column][\/et_pb_row][et_pb_row column_structure=&#8221;1_2,1_2&#8221; _builder_version=&#8221;4.20.2&#8221; _module_preset=&#8221;default&#8221; custom_margin_tablet=&#8221;&#8221; custom_margin_phone=&#8221;-54px||||false|false&#8221; custom_margin_last_edited=&#8221;on|phone&#8221; global_colors_info=&#8221;{}&#8221;][et_pb_column type=&#8221;1_2&#8221; _builder_version=&#8221;4.20.2&#8221; _module_preset=&#8221;default&#8221; global_colors_info=&#8221;{}&#8221;][et_pb_text _builder_version=&#8221;4.20.2&#8221; _module_preset=&#8221;default&#8221; text_font=&#8221;Rubik|300|||||||&#8221; global_colors_info=&#8221;{}&#8221;]<\/p>\n<p>Plo\u010dasti materijali su \u0161iroko kori\u0161\u0107eni materijali u industriji name\u0161taja zbog svoje prakti\u010dnosti, dostupnosti i raznovrsnosti. Svi plo\u010dasti materijali pru\u017eaju \u0161irok spektar mogu\u0107nosti za dizajniranje namje\u0161taja, omogu\u0107avaju\u0107i prilago\u0111avanje stilu, veli\u010dini i funkcionalnosti prema potrebama korisnika.<\/p>\n<p>[\/et_pb_text][\/et_pb_column][et_pb_column type=&#8221;1_2&#8221; _builder_version=&#8221;4.20.2&#8221; _module_preset=&#8221;default&#8221; global_colors_info=&#8221;{}&#8221;][\/et_pb_column][\/et_pb_row][\/et_pb_section][et_pb_section fb_built=&#8221;1&#8221; custom_padding_last_edited=&#8221;on|phone&#8221; _builder_version=&#8221;4.20.2&#8221; _module_preset=&#8221;default&#8221; background_image=&#8221;http:\/\/drvodizajn.com\/wp-content\/uploads\/2023\/05\/poyadina-materijali-1.jpg&#8221; custom_padding=&#8221;||87px|||&#8221; custom_padding_tablet=&#8221;||87px|||&#8221; custom_padding_phone=&#8221;||0px||false|false&#8221; da_disable_devices=&#8221;off|off|off&#8221; global_colors_info=&#8221;{}&#8221; da_is_popup=&#8221;off&#8221; da_exit_intent=&#8221;off&#8221; da_has_close=&#8221;on&#8221; da_alt_close=&#8221;off&#8221; da_dark_close=&#8221;off&#8221; da_not_modal=&#8221;on&#8221; da_is_singular=&#8221;off&#8221; da_with_loader=&#8221;off&#8221; da_has_shadow=&#8221;on&#8221;][et_pb_row _builder_version=&#8221;4.20.2&#8221; _module_preset=&#8221;default&#8221; custom_margin=&#8221;32px|auto||auto||&#8221; custom_margin_tablet=&#8221;32px|auto||auto||&#8221; custom_margin_phone=&#8221;0px|auto||auto|false|false&#8221; custom_margin_last_edited=&#8221;on|phone&#8221; global_colors_info=&#8221;{}&#8221;][et_pb_column type=&#8221;4_4&#8221; _builder_version=&#8221;4.20.2&#8221; _module_preset=&#8221;default&#8221; global_colors_info=&#8221;{}&#8221;][et_pb_text _builder_version=&#8221;4.20.2&#8221; _module_preset=&#8221;default&#8221; text_font=&#8221;Rubik|500|||||||&#8221; text_text_color=&#8221;#000000&#8221; text_font_size=&#8221;45px&#8221; text_orientation=&#8221;center&#8221; text_line_height_tablet=&#8221;&#8221; text_line_height_phone=&#8221;1em&#8221; text_line_height_last_edited=&#8221;on|phone&#8221; global_colors_info=&#8221;{}&#8221;]<\/p>\n<p>Ponuda plo\u010dastih materijala<\/p>\n<p>[\/et_pb_text][\/et_pb_column][\/et_pb_row][\/et_pb_section][et_pb_section fb_built=&#8221;1&#8221; _builder_version=&#8221;4.20.2&#8221; _module_preset=&#8221;default&#8221; da_disable_devices=&#8221;off|off|off&#8221; global_colors_info=&#8221;{}&#8221; da_is_popup=&#8221;off&#8221; da_exit_intent=&#8221;off&#8221; da_has_close=&#8221;on&#8221; da_alt_close=&#8221;off&#8221; da_dark_close=&#8221;off&#8221; da_not_modal=&#8221;on&#8221; da_is_singular=&#8221;off&#8221; da_with_loader=&#8221;off&#8221; da_has_shadow=&#8221;on&#8221;][et_pb_row column_structure=&#8221;1_2,1_2&#8221; _builder_version=&#8221;4.20.2&#8221; _module_preset=&#8221;default&#8221; custom_padding=&#8221;11px||0px|||&#8221; global_colors_info=&#8221;{}&#8221;][et_pb_column type=&#8221;1_2&#8221; _builder_version=&#8221;4.20.2&#8221; _module_preset=&#8221;default&#8221; global_colors_info=&#8221;{}&#8221;][et_pb_image src=&#8221;http:\/\/drvodizajn.com\/wp-content\/uploads\/2023\/06\/mdf.jpg&#8221; title_text=&#8221;mdf&#8221; _builder_version=&#8221;4.20.2&#8221; _module_preset=&#8221;default&#8221; custom_padding=&#8221;||0vh||false|false&#8221; custom_padding_tablet=&#8221;&#8221; custom_padding_phone=&#8221;||0vh||false|false&#8221; custom_padding_last_edited=&#8221;on|phone&#8221; animation_repeat=&#8221;once&#8221; global_colors_info=&#8221;{}&#8221;][\/et_pb_image][\/et_pb_column][et_pb_column type=&#8221;1_2&#8221; _builder_version=&#8221;4.20.2&#8221; _module_preset=&#8221;default&#8221; global_colors_info=&#8221;{}&#8221;][et_pb_text _builder_version=&#8221;4.20.2&#8221; _module_preset=&#8221;default&#8221; text_font=&#8221;Rubik|700|||||||&#8221; custom_margin=&#8221;115px|||||&#8221; custom_margin_tablet=&#8221;115px|||||&#8221; custom_margin_phone=&#8221;0px||||false|false&#8221; custom_margin_last_edited=&#8221;on|phone&#8221; global_colors_info=&#8221;{}&#8221;]<\/p>\n<p>MDF (Medium Density Fiber)<\/p>\n<p>[\/et_pb_text][et_pb_text _builder_version=&#8221;4.20.2&#8221; _module_preset=&#8221;default&#8221; text_font=&#8221;Rubik|300|||||||&#8221; global_colors_info=&#8221;{}&#8221;]<\/p>\n<p>MDF ( medium density fiber) je vje\u0161ta\u010dki materijal koji nastaje usljed kori\u0161tenja topline i pritiska za spajanje finih drvenih vlakana i ljepila. MDF se lako re\u017ee i obra\u0111uje \u0161to mu daje bezbroj mogu\u0107nosti u usporedbi s drugim materijalima. U odnosu na masiv, MDF puno bolje reaguje na promjenu topline i vlage \u0161to ga \u010dini idealnim osnovnim materijalom za kuhinjski namje\u0161taj. Sirovi MDF se ne koristi kao zavr\u0161ni sloj ve\u0107 se dodatno obra\u0111uje <a href=\"https:\/\/drvodizajn.com\/en\/?page_id=909\" target=\"_blank\" rel=\"noopener noreferrer\">furnirom<\/a> ili lakira u boju po RAL ili NCS karti. U na\u0161oj kompaniji MDF se naj\u010de\u0161\u0107e primjenjuje kao repromaterijal za izradu kuhinja, ormara, kupatilskog namje\u0161taja, kao dekorativne obloge zida i za drvnu galanteriju.<\/p>\n<p>[\/et_pb_text][\/et_pb_column][\/et_pb_row][et_pb_row _builder_version=&#8221;4.20.2&#8221; _module_preset=&#8221;default&#8221; custom_margin=&#8221;40px|auto||auto||&#8221; global_colors_info=&#8221;{}&#8221;][et_pb_column type=&#8221;4_4&#8221; _builder_version=&#8221;4.20.2&#8221; _module_preset=&#8221;default&#8221; global_colors_info=&#8221;{}&#8221;][et_pb_gallery gallery_ids=&#8221;2062,2057,2061,2060,2059,2058&#8221; show_title_and_caption=&#8221;off&#8221; _builder_version=&#8221;4.20.2&#8221; _module_preset=&#8221;default&#8221; custom_margin=&#8221;26px|||||&#8221; global_colors_info=&#8221;{}&#8221;][\/et_pb_gallery][\/et_pb_column][\/et_pb_row][et_pb_row column_structure=&#8221;1_2,1_2&#8221; custom_padding_last_edited=&#8221;on|phone&#8221; _builder_version=&#8221;4.20.2&#8221; _module_preset=&#8221;default&#8221; custom_margin=&#8221;98px|auto||auto||&#8221; custom_margin_tablet=&#8221;98px|auto||auto||&#8221; custom_margin_phone=&#8221;0px|auto||auto|false|false&#8221; custom_margin_last_edited=&#8221;on|phone&#8221; custom_padding=&#8221;20px|||||&#8221; custom_padding_tablet=&#8221;20px|||||&#8221; custom_padding_phone=&#8221;0px||||false|false&#8221; global_colors_info=&#8221;{}&#8221;][et_pb_column type=&#8221;1_2&#8221; _builder_version=&#8221;4.20.2&#8221; _module_preset=&#8221;default&#8221; global_colors_info=&#8221;{}&#8221;][et_pb_text _builder_version=&#8221;4.20.2&#8221; _module_preset=&#8221;default&#8221; text_font=&#8221;Rubik|700|||||||&#8221; custom_margin=&#8221;63px|||||&#8221; global_colors_info=&#8221;{}&#8221;]<\/p>\n<p>Iveral<\/p>\n<p>[\/et_pb_text][et_pb_text _builder_version=&#8221;4.20.2&#8221; _module_preset=&#8221;default&#8221; text_font=&#8221;Rubik|300|||||||&#8221; global_colors_info=&#8221;{}&#8221;]<\/p>\n<p>Iverica je vrsta plo\u010dastog materijala koji se \u010desto koristi u gra\u0111evinarstvu i stolarstvu. Sastoji se od sitnih drvenih vlakana koja su komprimirana i spojena smolom ili ljepilom pod visokim pritiskom i temperaturom. Ova procesom stvaranja iverice omogu\u0107ava da se dobije \u010dvrst i stabilan materijal. Iverica je vrlo popularna zbog svoje pristupa\u010dne cijene i raznovrsnih primjena. Mo\u017ee se koristiti za izradu namje\u0161taja, ormara, vrata, podova i drugih gra\u0111evinskih elemenata. Dolazi u razli\u010ditim debljinama i dimenzijama, \u0161to olak\u0161ava prilagodbu specifi\u010dnim potrebama projekta. Unato\u010d mnogim prednostima, va\u017eno je napomenuti i neke nedostatke iverice. Budu\u0107i da se radi o kompozitnom materijalu, ona mo\u017ee biti manje izdr\u017eljiva od \u010dvrstog drveta te osjetljivija na vlagu i mehani\u010dka o\u0161te\u0107enja. Tako\u0111er, ivice iverice mogu biti osjetljivije na vlagu i zahtijevaju dodatnu za\u0161titu ili oblaganje rubova kako bi se sprije\u010dilo o\u0161te\u0107enje. U na\u0161em asortimanu proizvoda nudimo iverale od proizvo\u0111a\u010da Egger i Swiss Krono.<\/p>\n<p>[\/et_pb_text][\/et_pb_column][et_pb_column type=&#8221;1_2&#8221; _builder_version=&#8221;4.20.2&#8221; _module_preset=&#8221;default&#8221; global_colors_info=&#8221;{}&#8221;][et_pb_image src=&#8221;http:\/\/drvodizajn.com\/wp-content\/uploads\/2023\/06\/iveral.jpg&#8221; title_text=&#8221;iveral&#8221; _builder_version=&#8221;4.20.2&#8221; _module_preset=&#8221;default&#8221; custom_padding=&#8221;||0vh||false|false&#8221; animation_repeat=&#8221;once&#8221; global_colors_info=&#8221;{}&#8221;][\/et_pb_image][\/et_pb_column][\/et_pb_row][et_pb_row _builder_version=&#8221;4.20.2&#8221; _module_preset=&#8221;default&#8221; custom_margin=&#8221;30px|auto||auto||&#8221; global_colors_info=&#8221;{}&#8221;][et_pb_column type=&#8221;4_4&#8221; _builder_version=&#8221;4.20.2&#8221; _module_preset=&#8221;default&#8221; global_colors_info=&#8221;{}&#8221;][et_pb_gallery gallery_ids=&#8221;2065,2066,2068,2069,2070,2071,2072,2073&#8221; show_title_and_caption=&#8221;off&#8221; _builder_version=&#8221;4.20.2&#8221; _module_preset=&#8221;default&#8221; global_colors_info=&#8221;{}&#8221;][\/et_pb_gallery][\/et_pb_column][\/et_pb_row][\/et_pb_section]<\/p>","protected":false},"excerpt":{"rendered":"<p>Plo\u010dasti materijaliPlo\u010dasti materijali su \u0161iroko kori\u0161\u0107eni materijali u industriji name\u0161taja zbog svoje prakti\u010dnosti, dostupnosti i raznovrsnosti. Svi plo\u010dasti materijali pru\u017eaju \u0161irok spektar mogu\u0107nosti za dizajniranje namje\u0161taja, omogu\u0107avaju\u0107i prilago\u0111avanje stilu, veli\u010dini i funkcionalnosti prema potrebama korisnika.Ponuda plo\u010dastih materijalaMDF (Medium Density Fiber)MDF ( medium density fiber) je vje\u0161ta\u010dki materijal koji nastaje usljed kori\u0161tenja topline i pritiska za [&hellip;]<\/p>","protected":false},"author":1,"featured_media":0,"parent":0,"menu_order":0,"comment_status":"closed","ping_status":"closed","template":"","meta":{"_et_pb_use_builder":"on","_et_pb_old_content":"","_et_gb_content_width":"","_monsterinsights_skip_tracking":false,"_monsterinsights_sitenote_active":false,"_monsterinsights_sitenote_note":"","_monsterinsights_sitenote_category":0,"footnotes":""},"class_list":["post-859","page","type-page","status-publish","hentry"],"aioseo_notices":[],"_links":{"self":[{"href":"https:\/\/drvodizajn.com\/en\/wp-json\/wp\/v2\/pages\/859","targetHints":{"allow":["GET"]}}],"collection":[{"href":"https:\/\/drvodizajn.com\/en\/wp-json\/wp\/v2\/pages"}],"about":[{"href":"https:\/\/drvodizajn.com\/en\/wp-json\/wp\/v2\/types\/page"}],"author":[{"embeddable":true,"href":"https:\/\/drvodizajn.com\/en\/wp-json\/wp\/v2\/users\/1"}],"replies":[{"embeddable":true,"href":"https:\/\/drvodizajn.com\/en\/wp-json\/wp\/v2\/comments?post=859"}],"version-history":[{"count":0,"href":"https:\/\/drvodizajn.com\/en\/wp-json\/wp\/v2\/pages\/859\/revisions"}],"wp:attachment":[{"href":"https:\/\/drvodizajn.com\/en\/wp-json\/wp\/v2\/media?parent=859"}],"curies":[{"name":"wp","href":"https:\/\/api.w.org\/{rel}","templated":true}]}}